{"id":3083,"date":"2016-10-31T15:12:44","date_gmt":"2016-10-31T15:12:44","guid":{"rendered":"http:\/\/gotravel.mikado-themes.com\/?page_id=3083"},"modified":"2019-02-25T17:06:33","modified_gmt":"2019-02-25T16:06:33","slug":"about","status":"publish","type":"page","link":"https:\/\/www.paris-guided-tour.com\/fr\/about\/","title":{"rendered":"A propos"},"content":{"rendered":"<p>[vc_row content_width=\u00a0\u00bbgrid\u00a0\u00bb css=\u00a0\u00bb.vc_custom_1478528916943{padding-top: 119px !important;padding-bottom: 71px !important;background-color: #f9f9f9 !important;}\u00a0\u00bb][vc_column offset=\u00a0\u00bbvc_col-md-6&Prime;][vc_column_text]<\/p>\n<h3>A propos<\/h3>\n<p>[\/vc_column_text][vc_empty_space height=\u00a0\u00bb15&Prime;][vc_column_text]<\/p>\n<p style=\"text-align: justify;\">Je m\u2019appelle Caroline et je suis parisienne depuis plus de 15 ans, les diff\u00e9rentes facettes de Paris continuent de me surprendre, et j\u2019aime le fait qu\u2019elle se renouvelle sans cesse. Mes nombreux voyages ont aiguis\u00e9 ma curiosit\u00e9 et ont nourri mon go\u00fbt pour les rencontres. Des monuments les plus connus aux lieux les plus insolites, je vous ferais partager mon amour pour cette ville pour vous faire sentir parisiens le temps d\u2019une visite.<\/p>\n<p>[\/vc_column_text][vc_empty_space height=\u00a0\u00bb50&Prime;][\/vc_column][vc_column offset=\u00a0\u00bbvc_col-md-6&Prime;][vc_column_text]<\/p>\n<h3>Guide agr\u00e9\u00e9e<\/h3>\n<p>[\/vc_column_text][vc_empty_space height=\u00a0\u00bb15&Prime;][vc_column_text]Apr\u00e8s un master en commerce international et 3 ann\u00e9es d\u2019exp\u00e9rience professionnelle en Asie, je suis rentr\u00e9e en France et c\u2019est avec un regard neuf sur Paris et ses monuments que j\u2019ai d\u00e9cid\u00e9 de devenir guide. Guide conf\u00e9renci\u00e8re agr\u00e9\u00e9e depuis 2013, je suis habilit\u00e9e \u00e0 guider des groupes o\u00f9 des particuliers en ville, dans les monuments historiques et dans les mus\u00e9es. Carte de guide N\u00b01475012P d\u00e9livr\u00e9e par le Minist\u00e8re du tourisme et de la culture.[\/vc_column_text][vc_empty_space height=\u00a0\u00bb50&Prime;][\/vc_column][\/vc_row][vc_row content_width=\u00a0\u00bbgrid\u00a0\u00bb css=\u00a0\u00bb.vc_custom_1478528766607{padding-top: 128px !important;padding-bottom: 71px !important;}\u00a0\u00bb][vc_column width=\u00a0\u00bb1\/2&Prime; offset=\u00a0\u00bbvc_col-lg-3 vc_col-md-6&Prime;]<div class=\"mkdf-counter-holder center\">\n\t<div class=\"mkdf-counter-inner\">\n\t\t\t\t\t<span class=\"mkdf-counter mkdf-zero-counter\" >6<\/span>\n\t\t\t\t\t\t\t\t\t<p class=\"mkdf-counter-text\" >ans d&#039;exp\u00e9rience<\/p>\n\t\t\t<\/div>\n<\/div>[vc_empty_space height=\u00a0\u00bb50&Prime;][\/vc_column][vc_column width=\u00a0\u00bb1\/2&Prime; offset=\u00a0\u00bbvc_col-lg-3&Prime;]<div class=\"mkdf-counter-holder center\">\n\t<div class=\"mkdf-counter-inner\">\n\t\t\t\t\t<span class=\"mkdf-counter mkdf-zero-counter\" >2766<\/span>\n\t\t\t\t\t\t\t\t\t<p class=\"mkdf-counter-text\" >clients satisfaits<\/p>\n\t\t\t<\/div>\n<\/div>[vc_empty_space height=\u00a0\u00bb50&Prime;][\/vc_column][vc_column width=\u00a0\u00bb1\/2&Prime; offset=\u00a0\u00bbvc_col-lg-3&Prime;]<div class=\"mkdf-counter-holder center\">\n\t<div class=\"mkdf-counter-inner\">\n\t\t\t\t\t<span class=\"mkdf-counter mkdf-zero-counter\" >18765<\/span>\n\t\t\t\t\t\t\t\t\t<p class=\"mkdf-counter-text\" >km de visite<\/p>\n\t\t\t<\/div>\n<\/div>[vc_empty_space height=\u00a0\u00bb50&Prime;][\/vc_column][vc_column width=\u00a0\u00bb1\/2&Prime; offset=\u00a0\u00bbvc_col-lg-3&Prime;]<div class=\"mkdf-counter-holder center\">\n\t<div class=\"mkdf-counter-inner\">\n\t\t\t\t\t<span class=\"mkdf-counter mkdf-zero-counter\" >4852<\/span>\n\t\t\t\t\t\t\t\t\t<p class=\"mkdf-counter-text\" >sourires d\u00e9clench\u00e9s<\/p>\n\t\t\t<\/div>\n<\/div>[vc_empty_space height=\u00a0\u00bb50&Prime;][\/vc_column][\/vc_row][vc_row content_width=\u00a0\u00bbgrid\u00a0\u00bb css=\u00a0\u00bb.vc_custom_1478528916943{padding-top: 119px !important;padding-bottom: 71px !important;background-color: #f9f9f9 !important;}\u00a0\u00bb][vc_column offset=\u00a0\u00bbvc_col-md-6&Prime;][vc_empty_space height=\u00a0\u00bb8&Prime;][vc_single_image image=\u00a0\u00bb4823&Prime; img_size=\u00a0\u00bbfull\u00a0\u00bb][vc_empty_space height=\u00a0\u00bb50&Prime;][\/vc_column][vc_column offset=\u00a0\u00bbvc_col-md-6&Prime;][vc_column_text]<\/p>\n<h3>Ma visite pr\u00e9f\u00e9r\u00e9e<\/h3>\n<p>[\/vc_column_text][vc_empty_space height=\u00a0\u00bb10&Prime;][vc_column_text]Ma visite pr\u00e9f\u00e9r\u00e9e est la balade sur l\u2019\u00eele de la cit\u00e9, pour comprendre les origines de Paris et d\u00e9couvrir quelques-uns des plus beaux monuments m\u00e9di\u00e9vaux de la ville et profiter d\u2019une vue magnifique sur les quais de la Seine.[\/vc_column_text][vc_empty_space height=\u00a0\u00bb20&Prime;]<a href=\"\/tour-item\/ile-de-la-cite\/\" target=\"_self\"  class=\"mkdf-btn mkdf-btn-small mkdf-btn-solid mkdf-btn-hover-solid\"  >\n\t<span class=\"mkdf-btn-text\">En savoir plus<\/span>\n\t\n\t<\/a>[vc_empty_space height=\u00a0\u00bb50&Prime;][\/vc_column][\/vc_row][vc_row content_width=\u00a0\u00bbgrid\u00a0\u00bb css=\u00a0\u00bb.vc_custom_1540296334595{padding-top: 119px !important;padding-bottom: 130px !important;background-color: #ffffff !important;}\u00a0\u00bb][vc_column width=\u00a0\u00bb1\/3&Prime;][vc_single_image image=\u00a0\u00bb4993&Prime; img_size=\u00a0\u00bbfull\u00a0\u00bb alignment=\u00a0\u00bbcenter\u00a0\u00bb][\/vc_column][vc_column width=\u00a0\u00bb1\/3&Prime;][vc_single_image image=\u00a0\u00bb5320&Prime; img_size=\u00a0\u00bbfull\u00a0\u00bb alignment=\u00a0\u00bbcenter\u00a0\u00bb][\/vc_column][vc_column width=\u00a0\u00bb1\/3&Prime;][vc_single_image image=\u00a0\u00bb4995&Prime; img_size=\u00a0\u00bbfull\u00a0\u00bb alignment=\u00a0\u00bbcenter\u00a0\u00bb][\/vc_column][\/vc_row]<\/p>","protected":false},"excerpt":{"rendered":"[vc_row content_width=\u00a0\u00bbgrid\u00a0\u00bb css=\u00a0\u00bb.vc_custom_1478528916943{padding-top: 119px !important;padding-bottom: 71px !important;background-color: #f9f9f9 !important;}\u00a0\u00bb][vc_column offset=\u00a0\u00bbvc_col-md-6&Prime;][vc_column_text] A propos [\/vc_column_text][vc_empty_space height=\u00a0\u00bb15&Prime;][vc_column_text] Je m\u2019appelle Caroline et je suis parisienne depuis plus de 15 ans, les diff\u00e9rentes facettes de Paris continuent de me surprendre, et j\u2019aime le fait qu\u2019elle se renouvelle sans cesse. Mes nombreux voyages ont aiguis\u00e9 ma curiosit\u00e9 et ont nourri mon go\u00fbt pour les rencontres. Des monuments les plus connus aux lieux les plus insolites, je vous ferais partager mon amour pour cette ville pour vous faire sentir parisiens le temps d\u2019une visite. [\/vc_column_text][vc_empty_space height=\u00a0\u00bb50&Prime;][\/vc_column][vc_column offset=\u00a0\u00bbvc_col-md-6&Prime;][vc_column_text] [&hellip;]","protected":false},"author":1,"featured_media":0,"parent":0,"menu_order":0,"comment_status":"closed","ping_status":"closed","template":"full-width.php","meta":{"footnotes":""},"yoast_head":"<!-- This site is optimized with the Yoast SEO plugin v15.7 - https:\/\/yoast.com\/wordpress\/plugins\/seo\/ -->\n<title>A propos - Paris Guided Tour - Certified Tour Guide in Paris<\/title>\n<meta name=\"robots\" content=\"index, follow, max-snippet:-1, max-image-preview:large, max-video-preview:-1\" \/>\n<link rel=\"canonical\" href=\"https:\/\/www.paris-guided-tour.com\/about\/\" \/>\n<meta property=\"og:locale\" content=\"fr_FR\" \/>\n<meta property=\"og:type\" content=\"article\" \/>\n<meta property=\"og:title\" content=\"A propos - Paris Guided Tour - Certified Tour Guide in Paris\" \/>\n<meta property=\"og:description\" content=\"[vc_row content_width=\u00a0\u00bbgrid\u00a0\u00bb css=\u00a0\u00bb.vc_custom_1478528916943{padding-top: 119px !important;padding-bottom: 71px !important;background-color: #f9f9f9 !important;}\u00a0\u00bb][vc_column offset=\u00a0\u00bbvc_col-md-6&Prime;][vc_column_text] A propos [\/vc_column_text][vc_empty_space height=\u00a0\u00bb15&Prime;][vc_column_text] Je m\u2019appelle Caroline et je suis parisienne depuis plus de 15 ans, les diff\u00e9rentes facettes de Paris continuent de me surprendre, et j\u2019aime le fait qu\u2019elle se renouvelle sans cesse. Mes nombreux voyages ont aiguis\u00e9 ma curiosit\u00e9 et ont nourri mon go\u00fbt pour les rencontres. Des monuments les plus connus aux lieux les plus insolites, je vous ferais partager mon amour pour cette ville pour vous faire sentir parisiens le temps d\u2019une visite. [\/vc_column_text][vc_empty_space height=\u00a0\u00bb50&Prime;][\/vc_column][vc_column offset=\u00a0\u00bbvc_col-md-6&Prime;][vc_column_text] [&hellip;]\" \/>\n<meta property=\"og:url\" content=\"https:\/\/www.paris-guided-tour.com\/about\/\" \/>\n<meta property=\"og:site_name\" content=\"Paris Guided Tour - Certified Tour Guide in Paris\" \/>\n<meta property=\"article:modified_time\" content=\"2019-02-25T16:06:33+00:00\" \/>\n<meta name=\"twitter:card\" content=\"summary_large_image\" \/>\n<meta name=\"twitter:site\" content=\"@ParisGuidedTour\" \/>\n<meta name=\"twitter:label1\" content=\"Dur\u00e9e de lecture est.\">\n\t<meta name=\"twitter:data1\" content=\"6 minutes\">\n<script type=\"application\/ld+json\" class=\"yoast-schema-graph\">{\"@context\":\"https:\/\/schema.org\",\"@graph\":[{\"@type\":[\"Person\",\"Organization\"],\"@id\":\"https:\/\/www.paris-guided-tour.com\/#\/schema\/person\/a65c1a7cb0813c073936decc3ec92f23\",\"name\":\"Caroline Lagarde\",\"image\":{\"@type\":\"ImageObject\",\"@id\":\"https:\/\/www.paris-guided-tour.com\/#personlogo\",\"inLanguage\":\"fr-FR\",\"url\":\"https:\/\/secure.gravatar.com\/avatar\/2a94b9c3dba3f5cf35732b5b00fc1e66?s=96&d=mm&r=g\",\"caption\":\"Caroline Lagarde\"},\"logo\":{\"@id\":\"https:\/\/www.paris-guided-tour.com\/#personlogo\"},\"sameAs\":[\"https:\/\/www.instagram.com\/parisguidedtour\/\"]},{\"@type\":\"WebSite\",\"@id\":\"https:\/\/www.paris-guided-tour.com\/#website\",\"url\":\"https:\/\/www.paris-guided-tour.com\/\",\"name\":\"Paris Guided Tour - Certified Tour Guide in Paris\",\"description\":\"A certified guide in Paris\",\"publisher\":{\"@id\":\"https:\/\/www.paris-guided-tour.com\/#\/schema\/person\/a65c1a7cb0813c073936decc3ec92f23\"},\"potentialAction\":[{\"@type\":\"SearchAction\",\"target\":\"https:\/\/www.paris-guided-tour.com\/?s={search_term_string}\",\"query-input\":\"required name=search_term_string\"}],\"inLanguage\":\"fr-FR\"},{\"@type\":\"WebPage\",\"@id\":\"https:\/\/www.paris-guided-tour.com\/about\/#webpage\",\"url\":\"https:\/\/www.paris-guided-tour.com\/about\/\",\"name\":\"A propos - Paris Guided Tour - Certified Tour Guide in Paris\",\"isPartOf\":{\"@id\":\"https:\/\/www.paris-guided-tour.com\/#website\"},\"datePublished\":\"2016-10-31T15:12:44+00:00\",\"dateModified\":\"2019-02-25T16:06:33+00:00\",\"inLanguage\":\"fr-FR\",\"potentialAction\":[{\"@type\":\"ReadAction\",\"target\":[\"https:\/\/www.paris-guided-tour.com\/about\/\"]}]}]}<\/script>\n<!-- \/ Yoast SEO plugin. -->","_links":{"self":[{"href":"https:\/\/www.paris-guided-tour.com\/fr\/wp-json\/wp\/v2\/pages\/3083"}],"collection":[{"href":"https:\/\/www.paris-guided-tour.com\/fr\/wp-json\/wp\/v2\/pages"}],"about":[{"href":"https:\/\/www.paris-guided-tour.com\/fr\/wp-json\/wp\/v2\/types\/page"}],"author":[{"embeddable":true,"href":"https:\/\/www.paris-guided-tour.com\/fr\/wp-json\/wp\/v2\/users\/1"}],"replies":[{"embeddable":true,"href":"https:\/\/www.paris-guided-tour.com\/fr\/wp-json\/wp\/v2\/comments?post=3083"}],"version-history":[{"count":32,"href":"https:\/\/www.paris-guided-tour.com\/fr\/wp-json\/wp\/v2\/pages\/3083\/revisions"}],"predecessor-version":[{"id":5323,"href":"https:\/\/www.paris-guided-tour.com\/fr\/wp-json\/wp\/v2\/pages\/3083\/revisions\/5323"}],"wp:attachment":[{"href":"https:\/\/www.paris-guided-tour.com\/fr\/wp-json\/wp\/v2\/media?parent=3083"}],"curies":[{"name":"wp","href":"https:\/\/api.w.org\/{rel}","templated":true}]}}