{"id":3183,"date":"2016-10-31T16:39:11","date_gmt":"2016-10-31T16:39:11","guid":{"rendered":"http:\/\/gotravel.mikado-themes.com\/?page_id=3183"},"modified":"2019-02-01T17:40:16","modified_gmt":"2019-02-01T16:40:16","slug":"custom-tour","status":"publish","type":"page","link":"https:\/\/www.paris-guided-tour.com\/fr\/custom-tour\/","title":{"rendered":"Sur mesure"},"content":{"rendered":"<p>[vc_row content_width=\u00a0\u00bbgrid\u00a0\u00bb css=\u00a0\u00bb.vc_custom_1478779909278{padding-top: 69px !important;padding-bottom: 52px !important;}\u00a0\u00bb][vc_column offset=\u00a0\u00bbvc_col-lg-6 vc_col-md-12&Prime;][vc_column_text]<\/p>\n<h3><span id=\"result_box\" class=\"short_text\" lang=\"en\"><span class=\"\">D\u00e9crivez votre demande<br \/>\n<\/span><\/span><\/h3>\n<p>[\/vc_column_text][vc_empty_space height=\u00a0\u00bb33&Prime;]<div role=\"form\" class=\"wpcf7\" id=\"wpcf7-f5211-o2\" lang=\"fr-FR\" dir=\"ltr\">\n<div class=\"screen-reader-response\"><p role=\"status\" aria-live=\"polite\" aria-atomic=\"true\"><\/p> <ul><\/ul><\/div>\n<form action=\"\/fr\/wp-json\/wp\/v2\/pages\/3183#wpcf7-f5211-o2\" method=\"post\" class=\"wpcf7-form init\" novalidate=\"novalidate\" data-status=\"init\">\n<div style=\"display: none;\">\n<input type=\"hidden\" name=\"_wpcf7\" value=\"5211\" \/>\n<input type=\"hidden\" name=\"_wpcf7_version\" value=\"5.3.2\" \/>\n<input type=\"hidden\" name=\"_wpcf7_locale\" value=\"fr_FR\" \/>\n<input type=\"hidden\" name=\"_wpcf7_unit_tag\" value=\"wpcf7-f5211-o2\" \/>\n<input type=\"hidden\" name=\"_wpcf7_container_post\" value=\"0\" \/>\n<input type=\"hidden\" name=\"_wpcf7_posted_data_hash\" value=\"\" \/>\n<\/div>\n<p><span class=\"wpcf7-form-control-wrap your-name\"><input type=\"text\" name=\"your-name\" value=\"\" size=\"40\" class=\"wpcf7-form-control wpcf7-text wpcf7-validates-as-required\" aria-required=\"true\" aria-invalid=\"false\" placeholder=\"Nom*\" \/><\/span><\/p>\n<p><span class=\"wpcf7-form-control-wrap your-email\"><input type=\"email\" name=\"your-email\" value=\"\" size=\"40\" class=\"wpcf7-form-control wpcf7-text wpcf7-email wpcf7-validates-as-required wpcf7-validates-as-email\" aria-required=\"true\" aria-invalid=\"false\" placeholder=\"Email*\" \/><\/span><\/p>\n<p><span class=\"wpcf7-form-control-wrap your-date\"><input type=\"date\" name=\"your-date\" value=\"\" class=\"wpcf7-form-control wpcf7-date wpcf7-validates-as-required wpcf7-validates-as-date\" aria-required=\"true\" aria-invalid=\"false\" placeholder=\"Date de la visite*\" \/><\/span><\/p>\n<p><span class=\"wpcf7-form-control-wrap your-person\"><input type=\"text\" name=\"your-person\" value=\"\" size=\"40\" class=\"wpcf7-form-control wpcf7-text wpcf7-validates-as-required\" aria-required=\"true\" aria-invalid=\"false\" placeholder=\"Nombre de personnes*\" \/><\/span><\/p>\n<p><span class=\"wpcf7-form-control-wrap your-message\"><textarea name=\"your-message\" cols=\"40\" rows=\"10\" class=\"wpcf7-form-control wpcf7-textarea wpcf7-validates-as-required\" aria-required=\"true\" aria-invalid=\"false\" placeholder=\"Question*\"><\/textarea><\/span> <\/p>\n<p><input type=\"submit\" value=\"Envoyer\" class=\"wpcf7-form-control wpcf7-submit\" \/><\/p>\n<div class=\"wpcf7-response-output\" aria-hidden=\"true\"><\/div><\/form><\/div>[vc_empty_space height=\u00a0\u00bb50&Prime;][\/vc_column][vc_column offset=\u00a0\u00bbvc_col-lg-6 vc_col-md-12&Prime;][vc_column_text]<\/p>\n<h3><span id=\"result_box\" class=\"short_text\" lang=\"en\"><span class=\"\">Besoin d&rsquo;une visite sur mesure?<br \/>\n<\/span><\/span><\/h3>\n<p>[\/vc_column_text][vc_empty_space height=\u00a0\u00bb20&Prime;][vc_column_text]Je suis flexible et je peux adapter mes services, envoyez-moi un message avec vos souhaits et les options que vous souhaitez ajouter : service de chauffeur, RV \u00e0 votre h\u00f4tel o\u00f9 achat de tickets pour des mus\u00e9es ou monuments. Je reviendrai vers vous rapidement.[\/vc_column_text][vc_empty_space height=\u00a0\u00bb25&Prime;]<div class=\"mkdf-image-gallery\">\n\t<div class=\"mkdf-image-gallery-slider mkdf-arrow-light\" data-autoplay=\"3\" data-animation=\"slide\" data-navigation=\"yes\" data-pagination=\"no\">\n\t\t\t\t\t\t\t\t\t<img loading=\"lazy\" decoding=\"async\" width=\"800\" height=\"535\" src=\"https:\/\/www.paris-guided-tour.com\/wp-content\/uploads\/2018\/10\/ParisGuidedTour_iledelacite_vignette_v1.jpg\" class=\"attachment-full size-full\" alt=\"\" srcset=\"https:\/\/www.paris-guided-tour.com\/wp-content\/uploads\/2018\/10\/ParisGuidedTour_iledelacite_vignette_v1.jpg 800w, https:\/\/www.paris-guided-tour.com\/wp-content\/uploads\/2018\/10\/ParisGuidedTour_iledelacite_vignette_v1-300x201.jpg 300w, https:\/\/www.paris-guided-tour.com\/wp-content\/uploads\/2018\/10\/ParisGuidedTour_iledelacite_vignette_v1-768x514.jpg 768w\" sizes=\"(max-width: 800px) 100vw, 800px\" \/>\t\t\t\t\t\t\t\t\t\t\t\t\t<img loading=\"lazy\" decoding=\"async\" width=\"800\" height=\"535\" src=\"https:\/\/www.paris-guided-tour.com\/wp-content\/uploads\/2018\/10\/ParisGuidedTour_montmartree_vignette_v1.jpg\" class=\"attachment-full size-full\" alt=\"\" srcset=\"https:\/\/www.paris-guided-tour.com\/wp-content\/uploads\/2018\/10\/ParisGuidedTour_montmartree_vignette_v1.jpg 800w, https:\/\/www.paris-guided-tour.com\/wp-content\/uploads\/2018\/10\/ParisGuidedTour_montmartree_vignette_v1-300x201.jpg 300w, https:\/\/www.paris-guided-tour.com\/wp-content\/uploads\/2018\/10\/ParisGuidedTour_montmartree_vignette_v1-768x514.jpg 768w\" sizes=\"(max-width: 800px) 100vw, 800px\" \/>\t\t\t\t\t\t\t<\/div>\n<\/div>[\/vc_column][\/vc_row]<\/p>","protected":false},"excerpt":{"rendered":"[vc_row content_width=\u00a0\u00bbgrid\u00a0\u00bb css=\u00a0\u00bb.vc_custom_1478779909278{padding-top: 69px !important;padding-bottom: 52px !important;}\u00a0\u00bb][vc_column offset=\u00a0\u00bbvc_col-lg-6 vc_col-md-12&Prime;][vc_column_text] D\u00e9crivez votre demande [\/vc_column_text][vc_empty_space height=\u00a0\u00bb33&Prime;][vc_empty_space height=\u00a0\u00bb50&Prime;][\/vc_column][vc_column offset=\u00a0\u00bbvc_col-lg-6 vc_col-md-12&Prime;][vc_column_text] Besoin d&rsquo;une visite sur mesure? [\/vc_column_text][vc_empty_space height=\u00a0\u00bb20&Prime;][vc_column_text]Je suis flexible et je peux adapter mes services, envoyez-moi un message avec vos souhaits et les options que vous souhaitez ajouter : service de chauffeur, RV \u00e0 votre h\u00f4tel o\u00f9 achat de tickets pour des mus\u00e9es ou monuments. Je reviendrai vers vous rapidement.[\/vc_column_text][vc_empty_space height=\u00a0\u00bb25&Prime;][\/vc_column][\/vc_row]","protected":false},"author":1,"featured_media":0,"parent":0,"menu_order":0,"comment_status":"closed","ping_status":"closed","template":"","meta":{"footnotes":""},"yoast_head":"<!-- This site is optimized with the Yoast SEO plugin v15.7 - https:\/\/yoast.com\/wordpress\/plugins\/seo\/ -->\n<title>Sur mesure - Paris Guided Tour - Certified Tour Guide in Paris<\/title>\n<meta name=\"robots\" content=\"index, follow, max-snippet:-1, max-image-preview:large, max-video-preview:-1\" \/>\n<link rel=\"canonical\" href=\"https:\/\/www.paris-guided-tour.com\/custom-tour\/\" \/>\n<meta property=\"og:locale\" content=\"fr_FR\" \/>\n<meta property=\"og:type\" content=\"article\" \/>\n<meta property=\"og:title\" content=\"Sur mesure - Paris Guided Tour - Certified Tour Guide in Paris\" \/>\n<meta property=\"og:description\" content=\"[vc_row content_width=\u00a0\u00bbgrid\u00a0\u00bb css=\u00a0\u00bb.vc_custom_1478779909278{padding-top: 69px !important;padding-bottom: 52px !important;}\u00a0\u00bb][vc_column offset=\u00a0\u00bbvc_col-lg-6 vc_col-md-12&Prime;][vc_column_text] D\u00e9crivez votre demande [\/vc_column_text][vc_empty_space height=\u00a0\u00bb33&Prime;][vc_empty_space height=\u00a0\u00bb50&Prime;][\/vc_column][vc_column offset=\u00a0\u00bbvc_col-lg-6 vc_col-md-12&Prime;][vc_column_text] Besoin d&rsquo;une visite sur mesure? [\/vc_column_text][vc_empty_space height=\u00a0\u00bb20&Prime;][vc_column_text]Je suis flexible et je peux adapter mes services, envoyez-moi un message avec vos souhaits et les options que vous souhaitez ajouter : service de chauffeur, RV \u00e0 votre h\u00f4tel o\u00f9 achat de tickets pour des mus\u00e9es ou monuments. Je reviendrai vers vous rapidement.[\/vc_column_text][vc_empty_space height=\u00a0\u00bb25&Prime;][\/vc_column][\/vc_row]\" \/>\n<meta property=\"og:url\" content=\"https:\/\/www.paris-guided-tour.com\/custom-tour\/\" \/>\n<meta property=\"og:site_name\" content=\"Paris Guided Tour - Certified Tour Guide in Paris\" \/>\n<meta property=\"article:modified_time\" content=\"2019-02-01T16:40:16+00:00\" \/>\n<meta name=\"twitter:card\" content=\"summary_large_image\" \/>\n<meta name=\"twitter:site\" content=\"@ParisGuidedTour\" \/>\n<meta name=\"twitter:label1\" content=\"Dur\u00e9e de lecture est.\">\n\t<meta name=\"twitter:data1\" content=\"1 minute\">\n<script type=\"application\/ld+json\" class=\"yoast-schema-graph\">{\"@context\":\"https:\/\/schema.org\",\"@graph\":[{\"@type\":[\"Person\",\"Organization\"],\"@id\":\"https:\/\/www.paris-guided-tour.com\/#\/schema\/person\/a65c1a7cb0813c073936decc3ec92f23\",\"name\":\"Caroline Lagarde\",\"image\":{\"@type\":\"ImageObject\",\"@id\":\"https:\/\/www.paris-guided-tour.com\/#personlogo\",\"inLanguage\":\"fr-FR\",\"url\":\"https:\/\/secure.gravatar.com\/avatar\/2a94b9c3dba3f5cf35732b5b00fc1e66?s=96&d=mm&r=g\",\"caption\":\"Caroline Lagarde\"},\"logo\":{\"@id\":\"https:\/\/www.paris-guided-tour.com\/#personlogo\"},\"sameAs\":[\"https:\/\/www.instagram.com\/parisguidedtour\/\"]},{\"@type\":\"WebSite\",\"@id\":\"https:\/\/www.paris-guided-tour.com\/#website\",\"url\":\"https:\/\/www.paris-guided-tour.com\/\",\"name\":\"Paris Guided Tour - Certified Tour Guide in Paris\",\"description\":\"A certified guide in Paris\",\"publisher\":{\"@id\":\"https:\/\/www.paris-guided-tour.com\/#\/schema\/person\/a65c1a7cb0813c073936decc3ec92f23\"},\"potentialAction\":[{\"@type\":\"SearchAction\",\"target\":\"https:\/\/www.paris-guided-tour.com\/?s={search_term_string}\",\"query-input\":\"required name=search_term_string\"}],\"inLanguage\":\"fr-FR\"},{\"@type\":\"WebPage\",\"@id\":\"https:\/\/www.paris-guided-tour.com\/custom-tour\/#webpage\",\"url\":\"https:\/\/www.paris-guided-tour.com\/custom-tour\/\",\"name\":\"Sur mesure - Paris Guided Tour - Certified Tour Guide in Paris\",\"isPartOf\":{\"@id\":\"https:\/\/www.paris-guided-tour.com\/#website\"},\"datePublished\":\"2016-10-31T16:39:11+00:00\",\"dateModified\":\"2019-02-01T16:40:16+00:00\",\"inLanguage\":\"fr-FR\",\"potentialAction\":[{\"@type\":\"ReadAction\",\"target\":[\"https:\/\/www.paris-guided-tour.com\/custom-tour\/\"]}]}]}<\/script>\n<!-- \/ Yoast SEO plugin. -->","_links":{"self":[{"href":"https:\/\/www.paris-guided-tour.com\/fr\/wp-json\/wp\/v2\/pages\/3183"}],"collection":[{"href":"https:\/\/www.paris-guided-tour.com\/fr\/wp-json\/wp\/v2\/pages"}],"about":[{"href":"https:\/\/www.paris-guided-tour.com\/fr\/wp-json\/wp\/v2\/types\/page"}],"author":[{"embeddable":true,"href":"https:\/\/www.paris-guided-tour.com\/fr\/wp-json\/wp\/v2\/users\/1"}],"replies":[{"embeddable":true,"href":"https:\/\/www.paris-guided-tour.com\/fr\/wp-json\/wp\/v2\/comments?post=3183"}],"version-history":[{"count":19,"href":"https:\/\/www.paris-guided-tour.com\/fr\/wp-json\/wp\/v2\/pages\/3183\/revisions"}],"predecessor-version":[{"id":5213,"href":"https:\/\/www.paris-guided-tour.com\/fr\/wp-json\/wp\/v2\/pages\/3183\/revisions\/5213"}],"wp:attachment":[{"href":"https:\/\/www.paris-guided-tour.com\/fr\/wp-json\/wp\/v2\/media?parent=3183"}],"curies":[{"name":"wp","href":"https:\/\/api.w.org\/{rel}","templated":true}]}}