{"id":4551,"date":"2018-10-02T15:42:33","date_gmt":"2018-10-02T13:42:33","guid":{"rendered":"https:\/\/www.paris-guided-tour.com\/?page_id=4551"},"modified":"2019-02-25T15:45:36","modified_gmt":"2019-02-25T14:45:36","slug":"tours","status":"publish","type":"page","link":"https:\/\/www.paris-guided-tour.com\/fr\/tours\/","title":{"rendered":"Visites"},"content":{"rendered":"<p>[vc_row][vc_column width=\u00a0\u00bb1\/6&Prime;][\/vc_column][vc_column width=\u00a0\u00bb2\/3&Prime;][vc_column_text]<\/p>\n<h3 style=\"text-align: center;\">Choisissez la visite qui est faite pour vous<\/h3>\n<p>[\/vc_column_text][vc_empty_space height=\u00a0\u00bb15px\u00a0\u00bb][vc_column_text]<\/p>\n<p style=\"text-align: center;\">Je propose des visites pour des groupes et des particuliers dans des mus\u00e9es, monuments o\u00f9 des quartiers de Paris pour une simple visite o\u00f9 un service \u00e0 la demi-journ\u00e9e o\u00f9 \u00e0 la journ\u00e9e. Je suis flexible et je peux cr\u00e9er des visites personnalis\u00e9es. N\u2019h\u00e9sitez pas \u00e0 demander un service de chauffeur en plus si vous avez besoin.<\/p>\n<p>[\/vc_column_text][vc_empty_space height=\u00a0\u00bb100px\u00a0\u00bb][\/vc_column][vc_column width=\u00a0\u00bb1\/6&Prime;][\/vc_column][\/vc_row][vc_row][vc_column width=\u00a0\u00bb1\/4&Prime;][vc_single_image image=\u00a0\u00bb4733&Prime; img_size=\u00a0\u00bbfull\u00a0\u00bb alignment=\u00a0\u00bbcenter\u00a0\u00bb onclick=\u00a0\u00bbcustom_link\u00a0\u00bb link=\u00a0\u00bb\/tours\/museums\/\u00a0\u00bb][vc_empty_space height=\u00a0\u00bb20&Prime;][vc_column_text]<\/p>\n<h4 style=\"text-align: center;\">Mus\u00e9es<\/h4>\n<p>[\/vc_column_text][vc_empty_space height=\u00a0\u00bb4&Prime;][vc_column_text]<\/p>\n<p style=\"text-align: center;\">Je suis guide agr\u00e9\u00e9e depuis 2013, ce qui m\u2019autorise \u00e0 guider dans de nombreux mus\u00e9es. Je propose des visites pour des groupes o\u00f9 des particuliers. La plupart d\u2019entre eux conviennent aux enfants et peuvent \u00eatre ax\u00e9s sur eux sur demande.<\/p>\n<p>[\/vc_column_text][vc_empty_space height=\u00a0\u00bb25&Prime;]<a href=\"\/tours\/museums\/\" target=\"_self\"  class=\"mkdf-btn mkdf-btn-huge-full-width mkdf-btn-solid mkdf-btn-hover-solid\"  >\n\t<span class=\"mkdf-btn-text\">En savoir plus<\/span>\n\t\n\t<\/a>[vc_empty_space height=\u00a0\u00bb60&Prime;][\/vc_column][vc_column width=\u00a0\u00bb1\/4&Prime;][vc_single_image image=\u00a0\u00bb4803&Prime; img_size=\u00a0\u00bbfull\u00a0\u00bb alignment=\u00a0\u00bbcenter\u00a0\u00bb onclick=\u00a0\u00bbcustom_link\u00a0\u00bb link=\u00a0\u00bb\/tours\/monuments\/\u00a0\u00bb][vc_empty_space height=\u00a0\u00bb20&Prime;][vc_column_text]<\/p>\n<h4 style=\"text-align: center;\">Monuments<\/h4>\n<p>[\/vc_column_text][vc_empty_space height=\u00a0\u00bb4&Prime;][vc_column_text]<\/p>\n<p style=\"text-align: center;\">Paris est la capital la plus touristique du monde car les monuments sont partout:\u00a0Palais, ponts, \u00e9glises, places ou fontaines qui sont le t\u00e9moignage d\u2019une histoire dense et riche qui donnent un parfum de d\u00e9couverte \u00e0 chaque quartier&#8230;<\/p>\n<p>[\/vc_column_text][vc_empty_space height=\u00a0\u00bb25&Prime;]<a href=\"\/tours\/monuments\/\" target=\"_self\"  class=\"mkdf-btn mkdf-btn-huge-full-width mkdf-btn-solid mkdf-btn-hover-solid\"  >\n\t<span class=\"mkdf-btn-text\">En savoir plus<\/span>\n\t\n\t<\/a>[vc_empty_space height=\u00a0\u00bb60&Prime;][\/vc_column][vc_column width=\u00a0\u00bb1\/4&Prime;][vc_single_image image=\u00a0\u00bb4900&Prime; img_size=\u00a0\u00bbfull\u00a0\u00bb alignment=\u00a0\u00bbcenter\u00a0\u00bb onclick=\u00a0\u00bbcustom_link\u00a0\u00bb link=\u00a0\u00bb\/tours\/city-tours\/\u00a0\u00bb][vc_empty_space height=\u00a0\u00bb20&Prime;][vc_column_text]<\/p>\n<h4 style=\"text-align: center;\">Visites de quartier<\/h4>\n<p>[\/vc_column_text][vc_empty_space height=\u00a0\u00bb4&Prime;][vc_column_text]<\/p>\n<p style=\"text-align: center;\">Paris est une ville aux multiples facettes. Pour d\u00e9couvrir ses secrets, il faut prendre le temps de fl\u00e2ner dans ses rues et de sentir l\u2019atmosph\u00e8re qui r\u00e8gne dans chaque quartier. Je propose des visites historiques de quartier&#8230;<\/p>\n<p>[\/vc_column_text][vc_empty_space height=\u00a0\u00bb25&Prime;]<a href=\"\/tours\/city-tours\/\" target=\"_self\"  class=\"mkdf-btn mkdf-btn-huge-full-width mkdf-btn-solid mkdf-btn-hover-solid\"  >\n\t<span class=\"mkdf-btn-text\">En savoir plus<\/span>\n\t\n\t<\/a>[vc_empty_space height=\u00a0\u00bb60&Prime;][\/vc_column][vc_column width=\u00a0\u00bb1\/4&Prime;][vc_single_image image=\u00a0\u00bb4618&Prime; img_size=\u00a0\u00bbfull\u00a0\u00bb alignment=\u00a0\u00bbcenter\u00a0\u00bb onclick=\u00a0\u00bbcustom_link\u00a0\u00bb link=\u00a0\u00bb\/custom-tour\/\u00a0\u00bb][vc_empty_space height=\u00a0\u00bb20&Prime;][vc_column_text]<\/p>\n<h4 style=\"text-align: center;\">Sur mesure<\/h4>\n<p>[\/vc_column_text][vc_empty_space height=\u00a0\u00bb4&Prime;][vc_column_text]<\/p>\n<p style=\"text-align: center;\">Je suis flexible et je peux adapter mes services, envoyez-moi un message avec vos souhaits et les options que vous souhaitez ajouter : service de chauffeur, RV \u00e0 votre h\u00f4tel o\u00f9 achat de tickets pour des mus\u00e9es ou monuments&#8230;<\/p>\n<p>[\/vc_column_text][vc_empty_space height=\u00a0\u00bb25&Prime;]<a href=\"\/custom-tour\/\" target=\"_self\"  class=\"mkdf-btn mkdf-btn-huge-full-width mkdf-btn-solid mkdf-btn-hover-solid\"  >\n\t<span class=\"mkdf-btn-text\">En savoir plus<\/span>\n\t\n\t<\/a>[vc_empty_space height=\u00a0\u00bb60&Prime;][\/vc_column][\/vc_row]<\/p>","protected":false},"excerpt":{"rendered":"[vc_row][vc_column width=\u00a0\u00bb1\/6&Prime;][\/vc_column][vc_column width=\u00a0\u00bb2\/3&Prime;][vc_column_text] Choisissez la visite qui est faite pour vous [\/vc_column_text][vc_empty_space height=\u00a0\u00bb15px\u00a0\u00bb][vc_column_text] Je propose des visites pour des groupes et des particuliers dans des mus\u00e9es, monuments o\u00f9 des quartiers de Paris pour une simple visite o\u00f9 un service \u00e0 la demi-journ\u00e9e o\u00f9 \u00e0 la journ\u00e9e. Je suis flexible et je peux cr\u00e9er des visites personnalis\u00e9es. N\u2019h\u00e9sitez pas \u00e0 demander un service de chauffeur en plus si vous avez besoin. [\/vc_column_text][vc_empty_space height=\u00a0\u00bb100px\u00a0\u00bb][\/vc_column][vc_column width=\u00a0\u00bb1\/6&Prime;][\/vc_column][\/vc_row][vc_row][vc_column width=\u00a0\u00bb1\/4&Prime;][vc_single_image image=\u00a0\u00bb4733&Prime; img_size=\u00a0\u00bbfull\u00a0\u00bb alignment=\u00a0\u00bbcenter\u00a0\u00bb onclick=\u00a0\u00bbcustom_link\u00a0\u00bb link=\u00a0\u00bb\/tours\/museums\/\u00a0\u00bb][vc_empty_space height=\u00a0\u00bb20&Prime;][vc_column_text] Mus\u00e9es [\/vc_column_text][vc_empty_space height=\u00a0\u00bb4&Prime;][vc_column_text] Je suis guide agr\u00e9\u00e9e depuis 2013, ce [&hellip;]","protected":false},"author":1,"featured_media":0,"parent":0,"menu_order":0,"comment_status":"closed","ping_status":"closed","template":"","meta":{"footnotes":""},"yoast_head":"<!-- This site is optimized with the Yoast SEO plugin v15.7 - https:\/\/yoast.com\/wordpress\/plugins\/seo\/ -->\n<title>Visites - Paris Guided Tour - Certified Tour Guide in Paris<\/title>\n<meta name=\"robots\" content=\"index, follow, max-snippet:-1, max-image-preview:large, max-video-preview:-1\" \/>\n<link rel=\"canonical\" href=\"https:\/\/www.paris-guided-tour.com\/tours\/\" \/>\n<meta property=\"og:locale\" content=\"fr_FR\" \/>\n<meta property=\"og:type\" content=\"article\" \/>\n<meta property=\"og:title\" content=\"Visites - Paris Guided Tour - Certified Tour Guide in Paris\" \/>\n<meta property=\"og:description\" content=\"[vc_row][vc_column width=\u00a0\u00bb1\/6&Prime;][\/vc_column][vc_column width=\u00a0\u00bb2\/3&Prime;][vc_column_text] Choisissez la visite qui est faite pour vous [\/vc_column_text][vc_empty_space height=\u00a0\u00bb15px\u00a0\u00bb][vc_column_text] Je propose des visites pour des groupes et des particuliers dans des mus\u00e9es, monuments o\u00f9 des quartiers de Paris pour une simple visite o\u00f9 un service \u00e0 la demi-journ\u00e9e o\u00f9 \u00e0 la journ\u00e9e. Je suis flexible et je peux cr\u00e9er des visites personnalis\u00e9es. N\u2019h\u00e9sitez pas \u00e0 demander un service de chauffeur en plus si vous avez besoin. [\/vc_column_text][vc_empty_space height=\u00a0\u00bb100px\u00a0\u00bb][\/vc_column][vc_column width=\u00a0\u00bb1\/6&Prime;][\/vc_column][\/vc_row][vc_row][vc_column width=\u00a0\u00bb1\/4&Prime;][vc_single_image image=\u00a0\u00bb4733&Prime; img_size=\u00a0\u00bbfull\u00a0\u00bb alignment=\u00a0\u00bbcenter\u00a0\u00bb onclick=\u00a0\u00bbcustom_link\u00a0\u00bb link=\u00a0\u00bb\/tours\/museums\/\u00a0\u00bb][vc_empty_space height=\u00a0\u00bb20&Prime;][vc_column_text] Mus\u00e9es [\/vc_column_text][vc_empty_space height=\u00a0\u00bb4&Prime;][vc_column_text] Je suis guide agr\u00e9\u00e9e depuis 2013, ce [&hellip;]\" \/>\n<meta property=\"og:url\" content=\"https:\/\/www.paris-guided-tour.com\/tours\/\" \/>\n<meta property=\"og:site_name\" content=\"Paris Guided Tour - Certified Tour Guide in Paris\" \/>\n<meta property=\"article:modified_time\" content=\"2019-02-25T14:45:36+00:00\" \/>\n<meta name=\"twitter:card\" content=\"summary_large_image\" \/>\n<meta name=\"twitter:site\" content=\"@ParisGuidedTour\" \/>\n<meta name=\"twitter:label1\" content=\"Dur\u00e9e de lecture est.\">\n\t<meta name=\"twitter:data1\" content=\"5 minutes\">\n<script type=\"application\/ld+json\" class=\"yoast-schema-graph\">{\"@context\":\"https:\/\/schema.org\",\"@graph\":[{\"@type\":[\"Person\",\"Organization\"],\"@id\":\"https:\/\/www.paris-guided-tour.com\/#\/schema\/person\/a65c1a7cb0813c073936decc3ec92f23\",\"name\":\"Caroline Lagarde\",\"image\":{\"@type\":\"ImageObject\",\"@id\":\"https:\/\/www.paris-guided-tour.com\/#personlogo\",\"inLanguage\":\"fr-FR\",\"url\":\"https:\/\/secure.gravatar.com\/avatar\/2a94b9c3dba3f5cf35732b5b00fc1e66?s=96&d=mm&r=g\",\"caption\":\"Caroline Lagarde\"},\"logo\":{\"@id\":\"https:\/\/www.paris-guided-tour.com\/#personlogo\"},\"sameAs\":[\"https:\/\/www.instagram.com\/parisguidedtour\/\"]},{\"@type\":\"WebSite\",\"@id\":\"https:\/\/www.paris-guided-tour.com\/#website\",\"url\":\"https:\/\/www.paris-guided-tour.com\/\",\"name\":\"Paris Guided Tour - Certified Tour Guide in Paris\",\"description\":\"A certified guide in Paris\",\"publisher\":{\"@id\":\"https:\/\/www.paris-guided-tour.com\/#\/schema\/person\/a65c1a7cb0813c073936decc3ec92f23\"},\"potentialAction\":[{\"@type\":\"SearchAction\",\"target\":\"https:\/\/www.paris-guided-tour.com\/?s={search_term_string}\",\"query-input\":\"required name=search_term_string\"}],\"inLanguage\":\"fr-FR\"},{\"@type\":\"WebPage\",\"@id\":\"https:\/\/www.paris-guided-tour.com\/tours\/#webpage\",\"url\":\"https:\/\/www.paris-guided-tour.com\/tours\/\",\"name\":\"Visites - Paris Guided Tour - Certified Tour Guide in Paris\",\"isPartOf\":{\"@id\":\"https:\/\/www.paris-guided-tour.com\/#website\"},\"datePublished\":\"2018-10-02T13:42:33+00:00\",\"dateModified\":\"2019-02-25T14:45:36+00:00\",\"inLanguage\":\"fr-FR\",\"potentialAction\":[{\"@type\":\"ReadAction\",\"target\":[\"https:\/\/www.paris-guided-tour.com\/tours\/\"]}]}]}<\/script>\n<!-- \/ Yoast SEO plugin. -->","_links":{"self":[{"href":"https:\/\/www.paris-guided-tour.com\/fr\/wp-json\/wp\/v2\/pages\/4551"}],"collection":[{"href":"https:\/\/www.paris-guided-tour.com\/fr\/wp-json\/wp\/v2\/pages"}],"about":[{"href":"https:\/\/www.paris-guided-tour.com\/fr\/wp-json\/wp\/v2\/types\/page"}],"author":[{"embeddable":true,"href":"https:\/\/www.paris-guided-tour.com\/fr\/wp-json\/wp\/v2\/users\/1"}],"replies":[{"embeddable":true,"href":"https:\/\/www.paris-guided-tour.com\/fr\/wp-json\/wp\/v2\/comments?post=4551"}],"version-history":[{"count":40,"href":"https:\/\/www.paris-guided-tour.com\/fr\/wp-json\/wp\/v2\/pages\/4551\/revisions"}],"predecessor-version":[{"id":5312,"href":"https:\/\/www.paris-guided-tour.com\/fr\/wp-json\/wp\/v2\/pages\/4551\/revisions\/5312"}],"wp:attachment":[{"href":"https:\/\/www.paris-guided-tour.com\/fr\/wp-json\/wp\/v2\/media?parent=4551"}],"curies":[{"name":"wp","href":"https:\/\/api.w.org\/{rel}","templated":true}]}}