{"id":4725,"date":"2018-10-10T12:24:29","date_gmt":"2018-10-10T10:24:29","guid":{"rendered":"https:\/\/www.paris-guided-tour.com\/?page_id=4725"},"modified":"2019-02-07T17:22:21","modified_gmt":"2019-02-07T16:22:21","slug":"museums","status":"publish","type":"page","link":"https:\/\/www.paris-guided-tour.com\/fr\/tours\/museums\/","title":{"rendered":"Mus\u00e9es"},"content":{"rendered":"<p>[vc_row][vc_column width=\u00a0\u00bb1\/6&Prime;][\/vc_column][vc_column width=\u00a0\u00bb2\/3&Prime;][vc_column_text]<\/p>\n<p style=\"text-align: center;\">Je suis guide agr\u00e9\u00e9e depuis 2013, ce qui m\u2019autorise \u00e0 guider dans de nombreux mus\u00e9es. Je propose des visites pour des groupes o\u00f9 des particuliers. La plupart d\u2019entre eux conviennent aux enfants et peuvent \u00eatre ax\u00e9s sur eux sur demande.<\/p>\n<p>[\/vc_column_text][vc_empty_space height=\u00a0\u00bb100px\u00a0\u00bb][\/vc_column][vc_column width=\u00a0\u00bb1\/6&Prime;][\/vc_column][\/vc_row][vc_row][vc_column]<div class=\"mkdf-tours-list-holder \">\n\t\t\t\n\t\t\n\t\t<div class=\"mkdf-tours-list-holder-inner mkdf-three-items mkdf-tour-item-has-border\">\n\n\t\t\t\t\n\t<div class=\"mkdf-tour-list-item-inner post-4584 tour-item type-tour-item status-publish has-post-thumbnail hentry tour-category-most-popular-tours tour-category-museums\">\n\t\t<div class=\"mkdf-tours-gallery-item mkdf-tour-item-has-rating post-4584 tour-item type-tour-item status-publish has-post-thumbnail hentry tour-category-most-popular-tours tour-category-museums\">\n\t\t\t<div class=\"mkdf-tours-gallery-item-image-holder\">\n\t\t\t\t\t\t\t<span class=\"mkdf-tours-gallery-item-label-holder\">\n\t\t\t\t\t\n\t\t<span class=\"mkdf-tour-item-label\">\n\t\t\t<span class=\"mkdf-tour-item-label-inner\">\n\t\t\t\t\t\t\t<\/span>\n\t\t<\/span>\n\n\t\t\t\t\t\t<\/span>\n\t\t\t\t\t\t\n\t\t\t<div class=\"mkdf-tours-gallery-item-image\">\n\t\t\t\t<img loading=\"lazy\" decoding=\"async\" width=\"800\" height=\"535\" src=\"https:\/\/www.paris-guided-tour.com\/wp-content\/uploads\/2018\/10\/ParisGuidedTour_louvre_vignette_v1.jpg\" class=\"attachment-full size-full wp-post-image\" alt=\"\" srcset=\"https:\/\/www.paris-guided-tour.com\/wp-content\/uploads\/2018\/10\/ParisGuidedTour_louvre_vignette_v1.jpg 800w, https:\/\/www.paris-guided-tour.com\/wp-content\/uploads\/2018\/10\/ParisGuidedTour_louvre_vignette_v1-300x201.jpg 300w, https:\/\/www.paris-guided-tour.com\/wp-content\/uploads\/2018\/10\/ParisGuidedTour_louvre_vignette_v1-768x514.jpg 768w\" sizes=\"(max-width: 800px) 100vw, 800px\" \/>\t\t\t\t\n\t\t\t\t<div class=\"mkdf-tours-gallery-item-content-holder\">\n\t\t\t\t\t<div class=\"mkdf-tours-gallery-item-content-inner\">\n\t\t\t\t\t\t<div class=\"mkdf-tours-gallery-title-holder\">\n\t\t\t\t\t\t\t<h4 class=\"mkdf-tour-title\" >Louvre<\/h4>\n\t\t\t\t\t\t\t<span class=\"mkdf-tours-gallery-item-price-holder\">\n\t\t\t\t\t\t\t\n\t\t<span class=\"mkdf-tours-price-holder\">\n\t\t\t\t\t\t\t<span class=\"mkdf-tours-item-price test\">130 \u20ac<\/span>\n\t\t\t\t\t\t\t\t<\/span>\n\n\t\t\t\t\t\t\t\t<\/span>\n\t\t\t\t\t\t<\/div>\n\t\t\t\t\t\t\t\t\t\t\t\t\t<div class=\"mkdf-tours-gallery-item-excerpt\">\n\t\t\t\t\t\t\t\t<div class=\"mkdf-tours-gallery-item-excerpt-inner\">\n\t\t\t\t\t\t\t\t\tLe Louvre est le plus grand mus\u00e9e du monde et un incontournable de la capitale fran\u00e7aise. Avec 35000 \u0153uvres expos\u00e9es dans plus de 400 pi\u00e8ces, c\u2019est un mus\u00e9e qui d\u00e9fie le sens de...\t\t\t\t\t\t\t\t<\/div>\n\t\t\t\t\t\t\t<\/div>\n\t\t\t\t\t\t\t\t\t\t\t<\/div>\n\t\t\t\t<\/div>\n\t\t\t<\/div>\n\t\t\t<a class=\"mkdf-tours-gallery-item-link\" href=\"https:\/\/www.paris-guided-tour.com\/fr\/tour-item\/louvre\/\"><\/a>\n\t\t<\/div>\n\t<\/div>\t<\/div>\n\t\n\t<div class=\"mkdf-tour-list-item-inner post-4661 tour-item type-tour-item status-publish has-post-thumbnail hentry tour-category-museums\">\n\t\t<div class=\"mkdf-tours-gallery-item mkdf-tour-item-has-rating post-4661 tour-item type-tour-item status-publish has-post-thumbnail hentry tour-category-museums\">\n\t\t\t<div class=\"mkdf-tours-gallery-item-image-holder\">\n\t\t\t\t\t\t\t<span class=\"mkdf-tours-gallery-item-label-holder\">\n\t\t\t\t\t\n\t\t<span class=\"mkdf-tour-item-label\">\n\t\t\t<span class=\"mkdf-tour-item-label-inner\">\n\t\t\t\t\t\t\t<\/span>\n\t\t<\/span>\n\n\t\t\t\t\t\t<\/span>\n\t\t\t\t\t\t\n\t\t\t<div class=\"mkdf-tours-gallery-item-image\">\n\t\t\t\t<img loading=\"lazy\" decoding=\"async\" width=\"800\" height=\"535\" src=\"https:\/\/www.paris-guided-tour.com\/wp-content\/uploads\/2018\/10\/ParisGuidedTour_museedorsay_vignette_v1.jpg\" class=\"attachment-full size-full wp-post-image\" alt=\"\" srcset=\"https:\/\/www.paris-guided-tour.com\/wp-content\/uploads\/2018\/10\/ParisGuidedTour_museedorsay_vignette_v1.jpg 800w, https:\/\/www.paris-guided-tour.com\/wp-content\/uploads\/2018\/10\/ParisGuidedTour_museedorsay_vignette_v1-300x201.jpg 300w, https:\/\/www.paris-guided-tour.com\/wp-content\/uploads\/2018\/10\/ParisGuidedTour_museedorsay_vignette_v1-768x514.jpg 768w\" sizes=\"(max-width: 800px) 100vw, 800px\" \/>\t\t\t\t\n\t\t\t\t<div class=\"mkdf-tours-gallery-item-content-holder\">\n\t\t\t\t\t<div class=\"mkdf-tours-gallery-item-content-inner\">\n\t\t\t\t\t\t<div class=\"mkdf-tours-gallery-title-holder\">\n\t\t\t\t\t\t\t<h4 class=\"mkdf-tour-title\" >Mus\u00e9e d\u2019Orsay<\/h4>\n\t\t\t\t\t\t\t<span class=\"mkdf-tours-gallery-item-price-holder\">\n\t\t\t\t\t\t\t\n\t\t<span class=\"mkdf-tours-price-holder\">\n\t\t\t\t\t\t\t<span class=\"mkdf-tours-item-price test\">150 \u20ac<\/span>\n\t\t\t\t\t\t\t\t<\/span>\n\n\t\t\t\t\t\t\t\t<\/span>\n\t\t\t\t\t\t<\/div>\n\t\t\t\t\t\t\t\t\t\t\t\t\t<div class=\"mkdf-tours-gallery-item-excerpt\">\n\t\t\t\t\t\t\t\t<div class=\"mkdf-tours-gallery-item-excerpt-inner\">\n\t\t\t\t\t\t\t\t\tAu centre de Paris, sur la rive gauche de la Seine, en face du jardin des Tuileries, se trouve le mus\u00e9e d'Orsay. Il est situ\u00e9 \u00e0 l\u2019emplacement de l'ancienne gare d'Orsay qui a \u00e9t\u00e9 construite pour l'Exposition Universelle de 1900...\t\t\t\t\t\t\t\t<\/div>\n\t\t\t\t\t\t\t<\/div>\n\t\t\t\t\t\t\t\t\t\t\t<\/div>\n\t\t\t\t<\/div>\n\t\t\t<\/div>\n\t\t\t<a class=\"mkdf-tours-gallery-item-link\" href=\"https:\/\/www.paris-guided-tour.com\/fr\/tour-item\/orsay-museum\/\"><\/a>\n\t\t<\/div>\n\t<\/div>\t<\/div>\n\t\n\t<div class=\"mkdf-tour-list-item-inner post-4680 tour-item type-tour-item status-publish has-post-thumbnail hentry tour-category-museums\">\n\t\t<div class=\"mkdf-tours-gallery-item mkdf-tour-item-no-rating post-4680 tour-item type-tour-item status-publish has-post-thumbnail hentry tour-category-museums\">\n\t\t\t<div class=\"mkdf-tours-gallery-item-image-holder\">\n\t\t\t\t\t\t\t<span class=\"mkdf-tours-gallery-item-label-holder\">\n\t\t\t\t\t\n\t\t<span class=\"mkdf-tour-item-label\">\n\t\t\t<span class=\"mkdf-tour-item-label-inner\">\n\t\t\t\t\t\t\t<\/span>\n\t\t<\/span>\n\n\t\t\t\t\t\t<\/span>\n\t\t\t\t\t\t\n\t\t\t<div class=\"mkdf-tours-gallery-item-image\">\n\t\t\t\t<img loading=\"lazy\" decoding=\"async\" width=\"800\" height=\"535\" src=\"https:\/\/www.paris-guided-tour.com\/wp-content\/uploads\/2018\/10\/ParisGuidedTour_rodin_vignette_v1.jpg\" class=\"attachment-full size-full wp-post-image\" alt=\"\" srcset=\"https:\/\/www.paris-guided-tour.com\/wp-content\/uploads\/2018\/10\/ParisGuidedTour_rodin_vignette_v1.jpg 800w, https:\/\/www.paris-guided-tour.com\/wp-content\/uploads\/2018\/10\/ParisGuidedTour_rodin_vignette_v1-300x201.jpg 300w, https:\/\/www.paris-guided-tour.com\/wp-content\/uploads\/2018\/10\/ParisGuidedTour_rodin_vignette_v1-768x514.jpg 768w\" sizes=\"(max-width: 800px) 100vw, 800px\" \/>\t\t\t\t\n\t\t\t\t<div class=\"mkdf-tours-gallery-item-content-holder\">\n\t\t\t\t\t<div class=\"mkdf-tours-gallery-item-content-inner\">\n\t\t\t\t\t\t<div class=\"mkdf-tours-gallery-title-holder\">\n\t\t\t\t\t\t\t<h4 class=\"mkdf-tour-title\" >Mus\u00e9e Rodin<\/h4>\n\t\t\t\t\t\t\t<span class=\"mkdf-tours-gallery-item-price-holder\">\n\t\t\t\t\t\t\t\n\t\t<span class=\"mkdf-tours-price-holder\">\n\t\t\t\t\t\t\t<span class=\"mkdf-tours-item-price test\">150 \u20ac<\/span>\n\t\t\t\t\t\t\t\t<\/span>\n\n\t\t\t\t\t\t\t\t<\/span>\n\t\t\t\t\t\t<\/div>\n\t\t\t\t\t\t\t\t\t\t\t\t\t<div class=\"mkdf-tours-gallery-item-excerpt\">\n\t\t\t\t\t\t\t\t<div class=\"mkdf-tours-gallery-item-excerpt-inner\">\n\t\t\t\t\t\t\t\t\tInaugur\u00e9 en 1919, le mus\u00e9e Rodin est install\u00e9 dans une belle demeure priv\u00e9e appel\u00e9e\" h\u00f4tel Biron\" construite entre 1727 et 1732. Pr\u00e8s de 300 \u0153uvres de Rodin sont pr\u00e9sent\u00e9es dans cette maison \u00e0 l\u2019architecture classique et rocaille...\t\t\t\t\t\t\t\t<\/div>\n\t\t\t\t\t\t\t<\/div>\n\t\t\t\t\t\t\t\t\t\t\t<\/div>\n\t\t\t\t<\/div>\n\t\t\t<\/div>\n\t\t\t<a class=\"mkdf-tours-gallery-item-link\" href=\"https:\/\/www.paris-guided-tour.com\/fr\/tour-item\/rodin-museum\/\"><\/a>\n\t\t<\/div>\n\t<\/div>\t<\/div>\n\t\n\t<div class=\"mkdf-tour-list-item-inner post-4694 tour-item type-tour-item status-publish has-post-thumbnail hentry tour-category-museums\">\n\t\t<div class=\"mkdf-tours-gallery-item mkdf-tour-item-no-rating post-4694 tour-item type-tour-item status-publish has-post-thumbnail hentry tour-category-museums\">\n\t\t\t<div class=\"mkdf-tours-gallery-item-image-holder\">\n\t\t\t\t\t\t\t<span class=\"mkdf-tours-gallery-item-label-holder\">\n\t\t\t\t\t\n\t\t<span class=\"mkdf-tour-item-label\">\n\t\t\t<span class=\"mkdf-tour-item-label-inner\">\n\t\t\t\t\t\t\t<\/span>\n\t\t<\/span>\n\n\t\t\t\t\t\t<\/span>\n\t\t\t\t\t\t\n\t\t\t<div class=\"mkdf-tours-gallery-item-image\">\n\t\t\t\t<img loading=\"lazy\" decoding=\"async\" width=\"800\" height=\"535\" src=\"https:\/\/www.paris-guided-tour.com\/wp-content\/uploads\/2018\/10\/ParisGuidedTour_catacombes_vignette_v1.jpg\" class=\"attachment-full size-full wp-post-image\" alt=\"\" srcset=\"https:\/\/www.paris-guided-tour.com\/wp-content\/uploads\/2018\/10\/ParisGuidedTour_catacombes_vignette_v1.jpg 800w, https:\/\/www.paris-guided-tour.com\/wp-content\/uploads\/2018\/10\/ParisGuidedTour_catacombes_vignette_v1-300x201.jpg 300w, https:\/\/www.paris-guided-tour.com\/wp-content\/uploads\/2018\/10\/ParisGuidedTour_catacombes_vignette_v1-768x514.jpg 768w\" sizes=\"(max-width: 800px) 100vw, 800px\" \/>\t\t\t\t\n\t\t\t\t<div class=\"mkdf-tours-gallery-item-content-holder\">\n\t\t\t\t\t<div class=\"mkdf-tours-gallery-item-content-inner\">\n\t\t\t\t\t\t<div class=\"mkdf-tours-gallery-title-holder\">\n\t\t\t\t\t\t\t<h4 class=\"mkdf-tour-title\" >Catacombes de Paris<\/h4>\n\t\t\t\t\t\t\t<span class=\"mkdf-tours-gallery-item-price-holder\">\n\t\t\t\t\t\t\t\n\t\t<span class=\"mkdf-tours-price-holder\">\n\t\t\t\t\t\t\t<span class=\"mkdf-tours-item-price test\">150 \u20ac<\/span>\n\t\t\t\t\t\t\t\t<\/span>\n\n\t\t\t\t\t\t\t\t<\/span>\n\t\t\t\t\t\t<\/div>\n\t\t\t\t\t\t\t\t\t\t\t\t\t<div class=\"mkdf-tours-gallery-item-excerpt\">\n\t\t\t\t\t\t\t\t<div class=\"mkdf-tours-gallery-item-excerpt-inner\">\n\t\t\t\t\t\t\t\t\tSous l\u2019antiquit\u00e9, des carri\u00e8res \u00e0 ciel ouvert ont \u00e9t\u00e9 cr\u00e9\u00e9es par les romains pour construire des sites tels que les ar\u00e8nes de Lut\u00e8ce et les bains de Cluny. A partir du moyen-\u00e2ge, l\u2019extraction de pierre est devenue souterraine...\t\t\t\t\t\t\t\t<\/div>\n\t\t\t\t\t\t\t<\/div>\n\t\t\t\t\t\t\t\t\t\t\t<\/div>\n\t\t\t\t<\/div>\n\t\t\t<\/div>\n\t\t\t<a class=\"mkdf-tours-gallery-item-link\" href=\"https:\/\/www.paris-guided-tour.com\/fr\/tour-item\/the-catacombs-of-paris\/\"><\/a>\n\t\t<\/div>\n\t<\/div>\t<\/div>\n\t\n\t<div class=\"mkdf-tour-list-item-inner post-4708 tour-item type-tour-item status-publish has-post-thumbnail hentry tour-category-most-popular-tours tour-category-museums\">\n\t\t<div class=\"mkdf-tours-gallery-item mkdf-tour-item-has-rating post-4708 tour-item type-tour-item status-publish has-post-thumbnail hentry tour-category-most-popular-tours tour-category-museums\">\n\t\t\t<div class=\"mkdf-tours-gallery-item-image-holder\">\n\t\t\t\t\t\t\t<span class=\"mkdf-tours-gallery-item-label-holder\">\n\t\t\t\t\t\n\t\t<span class=\"mkdf-tour-item-label\">\n\t\t\t<span class=\"mkdf-tour-item-label-inner\">\n\t\t\t\t\t\t\t<\/span>\n\t\t<\/span>\n\n\t\t\t\t\t\t<\/span>\n\t\t\t\t\t\t\n\t\t\t<div class=\"mkdf-tours-gallery-item-image\">\n\t\t\t\t<img loading=\"lazy\" decoding=\"async\" width=\"800\" height=\"535\" src=\"https:\/\/www.paris-guided-tour.com\/wp-content\/uploads\/2018\/10\/ParisGuidedTour_montmartre_vignette_v1.jpg\" class=\"attachment-full size-full wp-post-image\" alt=\"\" srcset=\"https:\/\/www.paris-guided-tour.com\/wp-content\/uploads\/2018\/10\/ParisGuidedTour_montmartre_vignette_v1.jpg 800w, https:\/\/www.paris-guided-tour.com\/wp-content\/uploads\/2018\/10\/ParisGuidedTour_montmartre_vignette_v1-300x201.jpg 300w, https:\/\/www.paris-guided-tour.com\/wp-content\/uploads\/2018\/10\/ParisGuidedTour_montmartre_vignette_v1-768x514.jpg 768w\" sizes=\"(max-width: 800px) 100vw, 800px\" \/>\t\t\t\t\n\t\t\t\t<div class=\"mkdf-tours-gallery-item-content-holder\">\n\t\t\t\t\t<div class=\"mkdf-tours-gallery-item-content-inner\">\n\t\t\t\t\t\t<div class=\"mkdf-tours-gallery-title-holder\">\n\t\t\t\t\t\t\t<h4 class=\"mkdf-tour-title\" >Mus\u00e9e Montmartre<\/h4>\n\t\t\t\t\t\t\t<span class=\"mkdf-tours-gallery-item-price-holder\">\n\t\t\t\t\t\t\t\n\t\t<span class=\"mkdf-tours-price-holder\">\n\t\t\t\t\t\t\t<span class=\"mkdf-tours-item-price test\">150 \u20ac<\/span>\n\t\t\t\t\t\t\t\t<\/span>\n\n\t\t\t\t\t\t\t\t<\/span>\n\t\t\t\t\t\t<\/div>\n\t\t\t\t\t\t\t\t\t\t\t\t\t<div class=\"mkdf-tours-gallery-item-excerpt\">\n\t\t\t\t\t\t\t\t<div class=\"mkdf-tours-gallery-item-excerpt-inner\">\n\t\t\t\t\t\t\t\t\tLa meilleure fa\u00e7on de d\u00e9couvrir l'histoire fascinante de Montmartre est de visiter ce charmant mus\u00e9e situ\u00e9 dans une vieille maison du 17\u00e8me si\u00e8cle, l'une des plus anciennes de Montmartre...\t\t\t\t\t\t\t\t<\/div>\n\t\t\t\t\t\t\t<\/div>\n\t\t\t\t\t\t\t\t\t\t\t<\/div>\n\t\t\t\t<\/div>\n\t\t\t<\/div>\n\t\t\t<a class=\"mkdf-tours-gallery-item-link\" href=\"https:\/\/www.paris-guided-tour.com\/fr\/tour-item\/montmartre-museum\/\"><\/a>\n\t\t<\/div>\n\t<\/div>\t<\/div>\n\n\t\t\t<div class=\"mkdf-tours-list-grid-sizer\"><\/div>\n\t\t<\/div>\n\n\t\t\n\n\t\t<\/div>[\/vc_column][\/vc_row]<\/p>","protected":false},"excerpt":{"rendered":"[vc_row][vc_column width=\u00a0\u00bb1\/6&Prime;][\/vc_column][vc_column width=\u00a0\u00bb2\/3&Prime;][vc_column_text] Je suis guide agr\u00e9\u00e9e depuis 2013, ce qui m\u2019autorise \u00e0 guider dans de nombreux mus\u00e9es. Je propose des visites pour des groupes o\u00f9 des particuliers. La plupart d\u2019entre eux conviennent aux enfants et peuvent \u00eatre ax\u00e9s sur eux sur demande. [\/vc_column_text][vc_empty_space height=\u00a0\u00bb100px\u00a0\u00bb][\/vc_column][vc_column width=\u00a0\u00bb1\/6&Prime;][\/vc_column][\/vc_row][vc_row][vc_column][\/vc_column][\/vc_row]","protected":false},"author":1,"featured_media":0,"parent":4551,"menu_order":0,"comment_status":"closed","ping_status":"closed","template":"","meta":{"footnotes":""},"yoast_head":"<!-- This site is optimized with the Yoast SEO plugin v15.7 - https:\/\/yoast.com\/wordpress\/plugins\/seo\/ -->\n<title>Mus\u00e9es - Paris Guided Tour - Certified Tour Guide in Paris<\/title>\n<meta name=\"robots\" content=\"index, follow, max-snippet:-1, max-image-preview:large, max-video-preview:-1\" \/>\n<link rel=\"canonical\" href=\"https:\/\/www.paris-guided-tour.com\/tours\/museums\/\" \/>\n<meta property=\"og:locale\" content=\"fr_FR\" \/>\n<meta property=\"og:type\" content=\"article\" \/>\n<meta property=\"og:title\" content=\"Mus\u00e9es - Paris Guided Tour - Certified Tour Guide in Paris\" \/>\n<meta property=\"og:description\" content=\"[vc_row][vc_column width=\u00a0\u00bb1\/6&Prime;][\/vc_column][vc_column width=\u00a0\u00bb2\/3&Prime;][vc_column_text] Je suis guide agr\u00e9\u00e9e depuis 2013, ce qui m\u2019autorise \u00e0 guider dans de nombreux mus\u00e9es. Je propose des visites pour des groupes o\u00f9 des particuliers. La plupart d\u2019entre eux conviennent aux enfants et peuvent \u00eatre ax\u00e9s sur eux sur demande. [\/vc_column_text][vc_empty_space height=\u00a0\u00bb100px\u00a0\u00bb][\/vc_column][vc_column width=\u00a0\u00bb1\/6&Prime;][\/vc_column][\/vc_row][vc_row][vc_column][\/vc_column][\/vc_row]\" \/>\n<meta property=\"og:url\" content=\"https:\/\/www.paris-guided-tour.com\/tours\/museums\/\" \/>\n<meta property=\"og:site_name\" content=\"Paris Guided Tour - Certified Tour Guide in Paris\" \/>\n<meta property=\"article:modified_time\" content=\"2019-02-07T16:22:21+00:00\" \/>\n<meta name=\"twitter:card\" content=\"summary_large_image\" \/>\n<meta name=\"twitter:site\" content=\"@ParisGuidedTour\" \/>\n<meta name=\"twitter:label1\" content=\"Dur\u00e9e de lecture est.\">\n\t<meta name=\"twitter:data1\" content=\"1 minute\">\n<script type=\"application\/ld+json\" class=\"yoast-schema-graph\">{\"@context\":\"https:\/\/schema.org\",\"@graph\":[{\"@type\":[\"Person\",\"Organization\"],\"@id\":\"https:\/\/www.paris-guided-tour.com\/#\/schema\/person\/a65c1a7cb0813c073936decc3ec92f23\",\"name\":\"Caroline Lagarde\",\"image\":{\"@type\":\"ImageObject\",\"@id\":\"https:\/\/www.paris-guided-tour.com\/#personlogo\",\"inLanguage\":\"fr-FR\",\"url\":\"https:\/\/secure.gravatar.com\/avatar\/2a94b9c3dba3f5cf35732b5b00fc1e66?s=96&d=mm&r=g\",\"caption\":\"Caroline Lagarde\"},\"logo\":{\"@id\":\"https:\/\/www.paris-guided-tour.com\/#personlogo\"},\"sameAs\":[\"https:\/\/www.instagram.com\/parisguidedtour\/\"]},{\"@type\":\"WebSite\",\"@id\":\"https:\/\/www.paris-guided-tour.com\/#website\",\"url\":\"https:\/\/www.paris-guided-tour.com\/\",\"name\":\"Paris Guided Tour - Certified Tour Guide in Paris\",\"description\":\"A certified guide in Paris\",\"publisher\":{\"@id\":\"https:\/\/www.paris-guided-tour.com\/#\/schema\/person\/a65c1a7cb0813c073936decc3ec92f23\"},\"potentialAction\":[{\"@type\":\"SearchAction\",\"target\":\"https:\/\/www.paris-guided-tour.com\/?s={search_term_string}\",\"query-input\":\"required name=search_term_string\"}],\"inLanguage\":\"fr-FR\"},{\"@type\":\"WebPage\",\"@id\":\"https:\/\/www.paris-guided-tour.com\/tours\/museums\/#webpage\",\"url\":\"https:\/\/www.paris-guided-tour.com\/tours\/museums\/\",\"name\":\"Mus\\u00e9es - Paris Guided Tour - Certified Tour Guide in Paris\",\"isPartOf\":{\"@id\":\"https:\/\/www.paris-guided-tour.com\/#website\"},\"datePublished\":\"2018-10-10T10:24:29+00:00\",\"dateModified\":\"2019-02-07T16:22:21+00:00\",\"inLanguage\":\"fr-FR\",\"potentialAction\":[{\"@type\":\"ReadAction\",\"target\":[\"https:\/\/www.paris-guided-tour.com\/tours\/museums\/\"]}]}]}<\/script>\n<!-- \/ Yoast SEO plugin. -->","_links":{"self":[{"href":"https:\/\/www.paris-guided-tour.com\/fr\/wp-json\/wp\/v2\/pages\/4725"}],"collection":[{"href":"https:\/\/www.paris-guided-tour.com\/fr\/wp-json\/wp\/v2\/pages"}],"about":[{"href":"https:\/\/www.paris-guided-tour.com\/fr\/wp-json\/wp\/v2\/types\/page"}],"author":[{"embeddable":true,"href":"https:\/\/www.paris-guided-tour.com\/fr\/wp-json\/wp\/v2\/users\/1"}],"replies":[{"embeddable":true,"href":"https:\/\/www.paris-guided-tour.com\/fr\/wp-json\/wp\/v2\/comments?post=4725"}],"version-history":[{"count":17,"href":"https:\/\/www.paris-guided-tour.com\/fr\/wp-json\/wp\/v2\/pages\/4725\/revisions"}],"predecessor-version":[{"id":5295,"href":"https:\/\/www.paris-guided-tour.com\/fr\/wp-json\/wp\/v2\/pages\/4725\/revisions\/5295"}],"up":[{"embeddable":true,"href":"https:\/\/www.paris-guided-tour.com\/fr\/wp-json\/wp\/v2\/pages\/4551"}],"wp:attachment":[{"href":"https:\/\/www.paris-guided-tour.com\/fr\/wp-json\/wp\/v2\/media?parent=4725"}],"curies":[{"name":"wp","href":"https:\/\/api.w.org\/{rel}","templated":true}]}}