{"id":4800,"date":"2018-10-10T15:36:57","date_gmt":"2018-10-10T13:36:57","guid":{"rendered":"https:\/\/www.paris-guided-tour.com\/?page_id=4800"},"modified":"2019-02-25T15:32:19","modified_gmt":"2019-02-25T14:32:19","slug":"monuments","status":"publish","type":"page","link":"https:\/\/www.paris-guided-tour.com\/fr\/tours\/monuments\/","title":{"rendered":"Monuments"},"content":{"rendered":"<p>[vc_row][vc_column width=\u00a0\u00bb1\/6&Prime;][\/vc_column][vc_column width=\u00a0\u00bb2\/3&Prime;][vc_column_text]<\/p>\n<p style=\"text-align: center;\">Paris est la capital la plus touristique du monde car les monuments sont partout :\u00a0Palais, ponts, \u00e9glises, places ou fontaines qui sont le t\u00e9moignage d\u2019une histoire dense et riche qui donnent un parfum de d\u00e9couverte \u00e0 chaque quartier de la ville.<\/p>\n<p>[\/vc_column_text][vc_empty_space height=\u00a0\u00bb100px\u00a0\u00bb][\/vc_column][vc_column width=\u00a0\u00bb1\/6&Prime;][\/vc_column][\/vc_row][vc_row][vc_column]<div class=\"mkdf-tours-list-holder \">\n\t\t\t\n\t\t\n\t\t<div class=\"mkdf-tours-list-holder-inner mkdf-three-items mkdf-tour-item-has-border\">\n\n\t\t\t\t\n\t<div class=\"mkdf-tour-list-item-inner post-4736 tour-item type-tour-item status-publish has-post-thumbnail hentry tour-category-monuments\">\n\t\t<div class=\"mkdf-tours-gallery-item mkdf-tour-item-has-rating post-4736 tour-item type-tour-item status-publish has-post-thumbnail hentry tour-category-monuments\">\n\t\t\t<div class=\"mkdf-tours-gallery-item-image-holder\">\n\t\t\t\t\t\t\t<span class=\"mkdf-tours-gallery-item-label-holder\">\n\t\t\t\t\t\n\t\t<span class=\"mkdf-tour-item-label\">\n\t\t\t<span class=\"mkdf-tour-item-label-inner\">\n\t\t\t\t\t\t\t<\/span>\n\t\t<\/span>\n\n\t\t\t\t\t\t<\/span>\n\t\t\t\t\t\t\n\t\t\t<div class=\"mkdf-tours-gallery-item-image\">\n\t\t\t\t<img loading=\"lazy\" decoding=\"async\" width=\"800\" height=\"535\" src=\"https:\/\/www.paris-guided-tour.com\/wp-content\/uploads\/2018\/10\/ParisGuidedTour_eiffeltour_vignette_v1.jpg\" class=\"attachment-full size-full wp-post-image\" alt=\"\" srcset=\"https:\/\/www.paris-guided-tour.com\/wp-content\/uploads\/2018\/10\/ParisGuidedTour_eiffeltour_vignette_v1.jpg 800w, https:\/\/www.paris-guided-tour.com\/wp-content\/uploads\/2018\/10\/ParisGuidedTour_eiffeltour_vignette_v1-300x201.jpg 300w, https:\/\/www.paris-guided-tour.com\/wp-content\/uploads\/2018\/10\/ParisGuidedTour_eiffeltour_vignette_v1-768x514.jpg 768w\" sizes=\"(max-width: 800px) 100vw, 800px\" \/>\t\t\t\t\n\t\t\t\t<div class=\"mkdf-tours-gallery-item-content-holder\">\n\t\t\t\t\t<div class=\"mkdf-tours-gallery-item-content-inner\">\n\t\t\t\t\t\t<div class=\"mkdf-tours-gallery-title-holder\">\n\t\t\t\t\t\t\t<h4 class=\"mkdf-tour-title\" >Tour Eiffel<\/h4>\n\t\t\t\t\t\t\t<span class=\"mkdf-tours-gallery-item-price-holder\">\n\t\t\t\t\t\t\t\n\t\t<span class=\"mkdf-tours-price-holder\">\n\t\t\t\t\t\t\t<span class=\"mkdf-tours-item-price test\">100 \u20ac<\/span>\n\t\t\t\t\t\t\t\t<\/span>\n\n\t\t\t\t\t\t\t\t<\/span>\n\t\t\t\t\t\t<\/div>\n\t\t\t\t\t\t\t\t\t\t\t\t\t<div class=\"mkdf-tours-gallery-item-excerpt\">\n\t\t\t\t\t\t\t\t<div class=\"mkdf-tours-gallery-item-excerpt-inner\">\n\t\t\t\t\t\t\t\t\tSaviez-vous que la Tour Eiffel aurait du dispara\u00eetre? Elle a \u00e9t\u00e9 inaugur\u00e9e le 15 Mai 1889 et a \u00e9t\u00e9 construite \u00e0 l\u2019occasion de l\u2019exposition universelle de la m\u00eame ann\u00e9e...\t\t\t\t\t\t\t\t<\/div>\n\t\t\t\t\t\t\t<\/div>\n\t\t\t\t\t\t\t\t\t\t\t<\/div>\n\t\t\t\t<\/div>\n\t\t\t<\/div>\n\t\t\t<a class=\"mkdf-tours-gallery-item-link\" href=\"https:\/\/www.paris-guided-tour.com\/fr\/tour-item\/eiffel-tower\/\"><\/a>\n\t\t<\/div>\n\t<\/div>\t<\/div>\n\t\n\t<div class=\"mkdf-tour-list-item-inner post-4750 tour-item type-tour-item status-publish has-post-thumbnail hentry tour-category-monuments tour-category-most-popular-tours\">\n\t\t<div class=\"mkdf-tours-gallery-item mkdf-tour-item-has-rating post-4750 tour-item type-tour-item status-publish has-post-thumbnail hentry tour-category-monuments tour-category-most-popular-tours\">\n\t\t\t<div class=\"mkdf-tours-gallery-item-image-holder\">\n\t\t\t\t\t\t\t<span class=\"mkdf-tours-gallery-item-label-holder\">\n\t\t\t\t\t\n\t\t<span class=\"mkdf-tour-item-label\">\n\t\t\t<span class=\"mkdf-tour-item-label-inner\">\n\t\t\t\t\t\t\t<\/span>\n\t\t<\/span>\n\n\t\t\t\t\t\t<\/span>\n\t\t\t\t\t\t\n\t\t\t<div class=\"mkdf-tours-gallery-item-image\">\n\t\t\t\t<img loading=\"lazy\" decoding=\"async\" width=\"800\" height=\"535\" src=\"https:\/\/www.paris-guided-tour.com\/wp-content\/uploads\/2018\/10\/ParisGuidedTour_operahouse_vignette_v1.jpg\" class=\"attachment-full size-full wp-post-image\" alt=\"\" srcset=\"https:\/\/www.paris-guided-tour.com\/wp-content\/uploads\/2018\/10\/ParisGuidedTour_operahouse_vignette_v1.jpg 800w, https:\/\/www.paris-guided-tour.com\/wp-content\/uploads\/2018\/10\/ParisGuidedTour_operahouse_vignette_v1-300x201.jpg 300w, https:\/\/www.paris-guided-tour.com\/wp-content\/uploads\/2018\/10\/ParisGuidedTour_operahouse_vignette_v1-768x514.jpg 768w\" sizes=\"(max-width: 800px) 100vw, 800px\" \/>\t\t\t\t\n\t\t\t\t<div class=\"mkdf-tours-gallery-item-content-holder\">\n\t\t\t\t\t<div class=\"mkdf-tours-gallery-item-content-inner\">\n\t\t\t\t\t\t<div class=\"mkdf-tours-gallery-title-holder\">\n\t\t\t\t\t\t\t<h4 class=\"mkdf-tour-title\" >Op\u00e9ra National de Paris<\/h4>\n\t\t\t\t\t\t\t<span class=\"mkdf-tours-gallery-item-price-holder\">\n\t\t\t\t\t\t\t\n\t\t<span class=\"mkdf-tours-price-holder\">\n\t\t\t\t\t\t\t<span class=\"mkdf-tours-item-price test\">150 \u20ac<\/span>\n\t\t\t\t\t\t\t\t<\/span>\n\n\t\t\t\t\t\t\t\t<\/span>\n\t\t\t\t\t\t<\/div>\n\t\t\t\t\t\t\t\t\t\t\t\t\t<div class=\"mkdf-tours-gallery-item-excerpt\">\n\t\t\t\t\t\t\t\t<div class=\"mkdf-tours-gallery-item-excerpt-inner\">\n\t\t\t\t\t\t\t\t\tLe palais Garnier et son architecture unique est l\u2019une des merveilles du 9\u00e8me arrondissement de Paris. Command\u00e9 par Napol\u00e9on III, un concours a \u00e9t\u00e9 organis\u00e9 en 1860 par arr\u00eat\u00e9 minist\u00e9riel...\t\t\t\t\t\t\t\t<\/div>\n\t\t\t\t\t\t\t<\/div>\n\t\t\t\t\t\t\t\t\t\t\t<\/div>\n\t\t\t\t<\/div>\n\t\t\t<\/div>\n\t\t\t<a class=\"mkdf-tours-gallery-item-link\" href=\"https:\/\/www.paris-guided-tour.com\/fr\/tour-item\/national-opera-house\/\"><\/a>\n\t\t<\/div>\n\t<\/div>\t<\/div>\n\t\n\t<div class=\"mkdf-tour-list-item-inner post-4771 tour-item type-tour-item status-publish has-post-thumbnail hentry tour-category-monuments\">\n\t\t<div class=\"mkdf-tours-gallery-item mkdf-tour-item-has-rating post-4771 tour-item type-tour-item status-publish has-post-thumbnail hentry tour-category-monuments\">\n\t\t\t<div class=\"mkdf-tours-gallery-item-image-holder\">\n\t\t\t\t\t\t\t<span class=\"mkdf-tours-gallery-item-label-holder\">\n\t\t\t\t\t\n\t\t<span class=\"mkdf-tour-item-label\">\n\t\t\t<span class=\"mkdf-tour-item-label-inner\">\n\t\t\t\t\t\t\t<\/span>\n\t\t<\/span>\n\n\t\t\t\t\t\t<\/span>\n\t\t\t\t\t\t\n\t\t\t<div class=\"mkdf-tours-gallery-item-image\">\n\t\t\t\t<img loading=\"lazy\" decoding=\"async\" width=\"800\" height=\"535\" src=\"https:\/\/www.paris-guided-tour.com\/wp-content\/uploads\/2018\/10\/ParisGuidedTour_versaillesGA_vignette_v1.jpg\" class=\"attachment-full size-full wp-post-image\" alt=\"\" srcset=\"https:\/\/www.paris-guided-tour.com\/wp-content\/uploads\/2018\/10\/ParisGuidedTour_versaillesGA_vignette_v1.jpg 800w, https:\/\/www.paris-guided-tour.com\/wp-content\/uploads\/2018\/10\/ParisGuidedTour_versaillesGA_vignette_v1-300x201.jpg 300w, https:\/\/www.paris-guided-tour.com\/wp-content\/uploads\/2018\/10\/ParisGuidedTour_versaillesGA_vignette_v1-768x514.jpg 768w\" sizes=\"(max-width: 800px) 100vw, 800px\" \/>\t\t\t\t\n\t\t\t\t<div class=\"mkdf-tours-gallery-item-content-holder\">\n\t\t\t\t\t<div class=\"mkdf-tours-gallery-item-content-inner\">\n\t\t\t\t\t\t<div class=\"mkdf-tours-gallery-title-holder\">\n\t\t\t\t\t\t\t<h4 class=\"mkdf-tour-title\" >Versailles \/ Grands appartements<\/h4>\n\t\t\t\t\t\t\t<span class=\"mkdf-tours-gallery-item-price-holder\">\n\t\t\t\t\t\t\t\n\t\t<span class=\"mkdf-tours-price-holder\">\n\t\t\t\t\t\t\t<span class=\"mkdf-tours-item-price test\">180 \u20ac<\/span>\n\t\t\t\t\t\t\t\t<\/span>\n\n\t\t\t\t\t\t\t\t<\/span>\n\t\t\t\t\t\t<\/div>\n\t\t\t\t\t\t\t\t\t\t\t\t\t<div class=\"mkdf-tours-gallery-item-excerpt\">\n\t\t\t\t\t\t\t\t<div class=\"mkdf-tours-gallery-item-excerpt-inner\">\n\t\t\t\t\t\t\t\t\tAppartements du roi et jardins : Diff\u00e9rents palais ont pr\u00e9c\u00e9d\u00e9 celui qu\u2019on peut voir aujourd\u2019hui \u00e0 Versailles. D\u2019un simple relais de chasse construit par Louis XIII alors que Versailles n\u2019\u00e9tait qu\u2019un village...\t\t\t\t\t\t\t\t<\/div>\n\t\t\t\t\t\t\t<\/div>\n\t\t\t\t\t\t\t\t\t\t\t<\/div>\n\t\t\t\t<\/div>\n\t\t\t<\/div>\n\t\t\t<a class=\"mkdf-tours-gallery-item-link\" href=\"https:\/\/www.paris-guided-tour.com\/fr\/tour-item\/versailles-great-apartments\/\"><\/a>\n\t\t<\/div>\n\t<\/div>\t<\/div>\n\t\n\t<div class=\"mkdf-tour-list-item-inner post-4786 tour-item type-tour-item status-publish has-post-thumbnail hentry tour-category-monuments\">\n\t\t<div class=\"mkdf-tours-gallery-item mkdf-tour-item-no-rating post-4786 tour-item type-tour-item status-publish has-post-thumbnail hentry tour-category-monuments\">\n\t\t\t<div class=\"mkdf-tours-gallery-item-image-holder\">\n\t\t\t\t\t\t\t<span class=\"mkdf-tours-gallery-item-label-holder\">\n\t\t\t\t\t\n\t\t<span class=\"mkdf-tour-item-label\">\n\t\t\t<span class=\"mkdf-tour-item-label-inner\">\n\t\t\t\t\t\t\t<\/span>\n\t\t<\/span>\n\n\t\t\t\t\t\t<\/span>\n\t\t\t\t\t\t\n\t\t\t<div class=\"mkdf-tours-gallery-item-image\">\n\t\t\t\t<img loading=\"lazy\" decoding=\"async\" width=\"800\" height=\"535\" src=\"https:\/\/www.paris-guided-tour.com\/wp-content\/uploads\/2018\/10\/ParisGuidedTour_versaillesPA_vignette_v1.jpg\" class=\"attachment-full size-full wp-post-image\" alt=\"\" srcset=\"https:\/\/www.paris-guided-tour.com\/wp-content\/uploads\/2018\/10\/ParisGuidedTour_versaillesPA_vignette_v1.jpg 800w, https:\/\/www.paris-guided-tour.com\/wp-content\/uploads\/2018\/10\/ParisGuidedTour_versaillesPA_vignette_v1-300x201.jpg 300w, https:\/\/www.paris-guided-tour.com\/wp-content\/uploads\/2018\/10\/ParisGuidedTour_versaillesPA_vignette_v1-768x514.jpg 768w\" sizes=\"(max-width: 800px) 100vw, 800px\" \/>\t\t\t\t\n\t\t\t\t<div class=\"mkdf-tours-gallery-item-content-holder\">\n\t\t\t\t\t<div class=\"mkdf-tours-gallery-item-content-inner\">\n\t\t\t\t\t\t<div class=\"mkdf-tours-gallery-title-holder\">\n\t\t\t\t\t\t\t<h4 class=\"mkdf-tour-title\" >Versailles \/ Appartements priv\u00e9s<\/h4>\n\t\t\t\t\t\t\t<span class=\"mkdf-tours-gallery-item-price-holder\">\n\t\t\t\t\t\t\t\n\t\t<span class=\"mkdf-tours-price-holder\">\n\t\t\t\t\t\t\t<span class=\"mkdf-tours-item-price test\">180 \u20ac<\/span>\n\t\t\t\t\t\t\t\t<\/span>\n\n\t\t\t\t\t\t\t\t<\/span>\n\t\t\t\t\t\t<\/div>\n\t\t\t\t\t\t\t\t\t\t\t\t\t<div class=\"mkdf-tours-gallery-item-excerpt\">\n\t\t\t\t\t\t\t\t<div class=\"mkdf-tours-gallery-item-excerpt-inner\">\n\t\t\t\t\t\t\t\t\tAppartements priv\u00e9s + Op\u00e9ra Royal. A la mort de Louis XIV en 1715, la cour a abandonn\u00e9 Versailles mais Louis XV a d\u00e9cid\u00e9 d\u2019y retourner en 1722. Il voulait poursuivre le chantier...\t\t\t\t\t\t\t\t<\/div>\n\t\t\t\t\t\t\t<\/div>\n\t\t\t\t\t\t\t\t\t\t\t<\/div>\n\t\t\t\t<\/div>\n\t\t\t<\/div>\n\t\t\t<a class=\"mkdf-tours-gallery-item-link\" href=\"https:\/\/www.paris-guided-tour.com\/fr\/tour-item\/versailles-private-appartments\/\"><\/a>\n\t\t<\/div>\n\t<\/div>\t<\/div>\n\n\t\t\t<div class=\"mkdf-tours-list-grid-sizer\"><\/div>\n\t\t<\/div>\n\n\t\t\n\n\t\t<\/div>[\/vc_column][\/vc_row]<\/p>","protected":false},"excerpt":{"rendered":"[vc_row][vc_column width=\u00a0\u00bb1\/6&Prime;][\/vc_column][vc_column width=\u00a0\u00bb2\/3&Prime;][vc_column_text] Paris est la capital la plus touristique du monde car les monuments sont partout :\u00a0Palais, ponts, \u00e9glises, places ou fontaines qui sont le t\u00e9moignage d\u2019une histoire dense et riche qui donnent un parfum de d\u00e9couverte \u00e0 chaque quartier de la ville. [\/vc_column_text][vc_empty_space height=\u00a0\u00bb100px\u00a0\u00bb][\/vc_column][vc_column width=\u00a0\u00bb1\/6&Prime;][\/vc_column][\/vc_row][vc_row][vc_column][\/vc_column][\/vc_row]","protected":false},"author":1,"featured_media":0,"parent":4551,"menu_order":0,"comment_status":"closed","ping_status":"closed","template":"","meta":{"footnotes":""},"yoast_head":"<!-- This site is optimized with the Yoast SEO plugin v15.7 - https:\/\/yoast.com\/wordpress\/plugins\/seo\/ -->\n<title>Monuments - Paris Guided Tour - Certified Tour Guide in Paris<\/title>\n<meta name=\"robots\" content=\"index, follow, max-snippet:-1, max-image-preview:large, max-video-preview:-1\" \/>\n<link rel=\"canonical\" href=\"https:\/\/www.paris-guided-tour.com\/tours\/monuments\/\" \/>\n<meta property=\"og:locale\" content=\"fr_FR\" \/>\n<meta property=\"og:type\" content=\"article\" \/>\n<meta property=\"og:title\" content=\"Monuments - Paris Guided Tour - Certified Tour Guide in Paris\" \/>\n<meta property=\"og:description\" content=\"[vc_row][vc_column width=\u00a0\u00bb1\/6&Prime;][\/vc_column][vc_column width=\u00a0\u00bb2\/3&Prime;][vc_column_text] Paris est la capital la plus touristique du monde car les monuments sont partout :\u00a0Palais, ponts, \u00e9glises, places ou fontaines qui sont le t\u00e9moignage d\u2019une histoire dense et riche qui donnent un parfum de d\u00e9couverte \u00e0 chaque quartier de la ville. [\/vc_column_text][vc_empty_space height=\u00a0\u00bb100px\u00a0\u00bb][\/vc_column][vc_column width=\u00a0\u00bb1\/6&Prime;][\/vc_column][\/vc_row][vc_row][vc_column][\/vc_column][\/vc_row]\" \/>\n<meta property=\"og:url\" content=\"https:\/\/www.paris-guided-tour.com\/tours\/monuments\/\" \/>\n<meta property=\"og:site_name\" content=\"Paris Guided Tour - Certified Tour Guide in Paris\" \/>\n<meta property=\"article:modified_time\" content=\"2019-02-25T14:32:19+00:00\" \/>\n<meta name=\"twitter:card\" content=\"summary_large_image\" \/>\n<meta name=\"twitter:site\" content=\"@ParisGuidedTour\" \/>\n<meta name=\"twitter:label1\" content=\"Dur\u00e9e de lecture est.\">\n\t<meta name=\"twitter:data1\" content=\"1 minute\">\n<script type=\"application\/ld+json\" class=\"yoast-schema-graph\">{\"@context\":\"https:\/\/schema.org\",\"@graph\":[{\"@type\":[\"Person\",\"Organization\"],\"@id\":\"https:\/\/www.paris-guided-tour.com\/#\/schema\/person\/a65c1a7cb0813c073936decc3ec92f23\",\"name\":\"Caroline Lagarde\",\"image\":{\"@type\":\"ImageObject\",\"@id\":\"https:\/\/www.paris-guided-tour.com\/#personlogo\",\"inLanguage\":\"fr-FR\",\"url\":\"https:\/\/secure.gravatar.com\/avatar\/2a94b9c3dba3f5cf35732b5b00fc1e66?s=96&d=mm&r=g\",\"caption\":\"Caroline Lagarde\"},\"logo\":{\"@id\":\"https:\/\/www.paris-guided-tour.com\/#personlogo\"},\"sameAs\":[\"https:\/\/www.instagram.com\/parisguidedtour\/\"]},{\"@type\":\"WebSite\",\"@id\":\"https:\/\/www.paris-guided-tour.com\/#website\",\"url\":\"https:\/\/www.paris-guided-tour.com\/\",\"name\":\"Paris Guided Tour - Certified Tour Guide in Paris\",\"description\":\"A certified guide in Paris\",\"publisher\":{\"@id\":\"https:\/\/www.paris-guided-tour.com\/#\/schema\/person\/a65c1a7cb0813c073936decc3ec92f23\"},\"potentialAction\":[{\"@type\":\"SearchAction\",\"target\":\"https:\/\/www.paris-guided-tour.com\/?s={search_term_string}\",\"query-input\":\"required name=search_term_string\"}],\"inLanguage\":\"fr-FR\"},{\"@type\":\"WebPage\",\"@id\":\"https:\/\/www.paris-guided-tour.com\/tours\/monuments\/#webpage\",\"url\":\"https:\/\/www.paris-guided-tour.com\/tours\/monuments\/\",\"name\":\"Monuments - Paris Guided Tour - Certified Tour Guide in Paris\",\"isPartOf\":{\"@id\":\"https:\/\/www.paris-guided-tour.com\/#website\"},\"datePublished\":\"2018-10-10T13:36:57+00:00\",\"dateModified\":\"2019-02-25T14:32:19+00:00\",\"inLanguage\":\"fr-FR\",\"potentialAction\":[{\"@type\":\"ReadAction\",\"target\":[\"https:\/\/www.paris-guided-tour.com\/tours\/monuments\/\"]}]}]}<\/script>\n<!-- \/ Yoast SEO plugin. -->","_links":{"self":[{"href":"https:\/\/www.paris-guided-tour.com\/fr\/wp-json\/wp\/v2\/pages\/4800"}],"collection":[{"href":"https:\/\/www.paris-guided-tour.com\/fr\/wp-json\/wp\/v2\/pages"}],"about":[{"href":"https:\/\/www.paris-guided-tour.com\/fr\/wp-json\/wp\/v2\/types\/page"}],"author":[{"embeddable":true,"href":"https:\/\/www.paris-guided-tour.com\/fr\/wp-json\/wp\/v2\/users\/1"}],"replies":[{"embeddable":true,"href":"https:\/\/www.paris-guided-tour.com\/fr\/wp-json\/wp\/v2\/comments?post=4800"}],"version-history":[{"count":4,"href":"https:\/\/www.paris-guided-tour.com\/fr\/wp-json\/wp\/v2\/pages\/4800\/revisions"}],"predecessor-version":[{"id":5308,"href":"https:\/\/www.paris-guided-tour.com\/fr\/wp-json\/wp\/v2\/pages\/4800\/revisions\/5308"}],"up":[{"embeddable":true,"href":"https:\/\/www.paris-guided-tour.com\/fr\/wp-json\/wp\/v2\/pages\/4551"}],"wp:attachment":[{"href":"https:\/\/www.paris-guided-tour.com\/fr\/wp-json\/wp\/v2\/media?parent=4800"}],"curies":[{"name":"wp","href":"https:\/\/api.w.org\/{rel}","templated":true}]}}