{"id":4894,"date":"2018-10-10T22:52:32","date_gmt":"2018-10-10T20:52:32","guid":{"rendered":"https:\/\/www.paris-guided-tour.com\/?page_id=4894"},"modified":"2019-02-25T15:42:30","modified_gmt":"2019-02-25T14:42:30","slug":"city-tours","status":"publish","type":"page","link":"https:\/\/www.paris-guided-tour.com\/fr\/tours\/city-tours\/","title":{"rendered":"Visites de quartier"},"content":{"rendered":"<p>[vc_row][vc_column width=\u00a0\u00bb1\/6&Prime;][\/vc_column][vc_column width=\u00a0\u00bb2\/3&Prime;][vc_column_text]<\/p>\n<p style=\"text-align: center;\">Paris est une ville aux multiples facettes. Pour d\u00e9couvrir ses secrets, il faut prendre le temps de fl\u00e2ner dans ses rues et de sentir l\u2019atmosph\u00e8re qui r\u00e8gne dans chaque quartier. Je propose des visites historiques de quartier mais aussi des visites th\u00e9matiques comme la gastronomie o\u00f9 l\u2019histoire de la mode.<\/p>\n<p>[\/vc_column_text][vc_empty_space height=\u00a0\u00bb100px\u00a0\u00bb][\/vc_column][vc_column width=\u00a0\u00bb1\/6&Prime;][\/vc_column][\/vc_row][vc_row][vc_column]<div class=\"mkdf-tours-list-holder \">\n\t\t\t\n\t\t\n\t\t<div class=\"mkdf-tours-list-holder-inner mkdf-three-items mkdf-tour-item-has-border\">\n\n\t\t\t\t\n\t<div class=\"mkdf-tour-list-item-inner post-4810 tour-item type-tour-item status-publish has-post-thumbnail hentry tour-category-city-tours\">\n\t\t<div class=\"mkdf-tours-gallery-item mkdf-tour-item-has-rating post-4810 tour-item type-tour-item status-publish has-post-thumbnail hentry tour-category-city-tours\">\n\t\t\t<div class=\"mkdf-tours-gallery-item-image-holder\">\n\t\t\t\t\t\t\t<span class=\"mkdf-tours-gallery-item-label-holder\">\n\t\t\t\t\t\n\t\t<span class=\"mkdf-tour-item-label\">\n\t\t\t<span class=\"mkdf-tour-item-label-inner\">\n\t\t\t\t\t\t\t<\/span>\n\t\t<\/span>\n\n\t\t\t\t\t\t<\/span>\n\t\t\t\t\t\t\n\t\t\t<div class=\"mkdf-tours-gallery-item-image\">\n\t\t\t\t<img loading=\"lazy\" decoding=\"async\" width=\"800\" height=\"535\" src=\"https:\/\/www.paris-guided-tour.com\/wp-content\/uploads\/2018\/10\/ParisGuidedTour_iledelacite_vignette_v1.jpg\" class=\"attachment-full size-full wp-post-image\" alt=\"\" srcset=\"https:\/\/www.paris-guided-tour.com\/wp-content\/uploads\/2018\/10\/ParisGuidedTour_iledelacite_vignette_v1.jpg 800w, https:\/\/www.paris-guided-tour.com\/wp-content\/uploads\/2018\/10\/ParisGuidedTour_iledelacite_vignette_v1-300x201.jpg 300w, https:\/\/www.paris-guided-tour.com\/wp-content\/uploads\/2018\/10\/ParisGuidedTour_iledelacite_vignette_v1-768x514.jpg 768w\" sizes=\"(max-width: 800px) 100vw, 800px\" \/>\t\t\t\t\n\t\t\t\t<div class=\"mkdf-tours-gallery-item-content-holder\">\n\t\t\t\t\t<div class=\"mkdf-tours-gallery-item-content-inner\">\n\t\t\t\t\t\t<div class=\"mkdf-tours-gallery-title-holder\">\n\t\t\t\t\t\t\t<h4 class=\"mkdf-tour-title\" >\u00eele de la cit\u00e9<\/h4>\n\t\t\t\t\t\t\t<span class=\"mkdf-tours-gallery-item-price-holder\">\n\t\t\t\t\t\t\t\n\t\t<span class=\"mkdf-tours-price-holder\">\n\t\t\t\t\t\t\t<span class=\"mkdf-tours-item-price test\">150 \u20ac<\/span>\n\t\t\t\t\t\t\t\t<\/span>\n\n\t\t\t\t\t\t\t\t<\/span>\n\t\t\t\t\t\t<\/div>\n\t\t\t\t\t\t\t\t\t\t\t\t\t<div class=\"mkdf-tours-gallery-item-excerpt\">\n\t\t\t\t\t\t\t\t<div class=\"mkdf-tours-gallery-item-excerpt-inner\">\n\t\t\t\t\t\t\t\t\tL\u2019\u00eele de la cite est l\u2019une des deux \u00eeles de la Seine situ\u00e9e au c\u0153ur de la ville, c\u2019est l\u00e0 qu\u2019elle est n\u00e9e. Elle conserve les plus beaux monuments du moyen-\u00e2ge...\t\t\t\t\t\t\t\t<\/div>\n\t\t\t\t\t\t\t<\/div>\n\t\t\t\t\t\t\t\t\t\t\t<\/div>\n\t\t\t\t<\/div>\n\t\t\t<\/div>\n\t\t\t<a class=\"mkdf-tours-gallery-item-link\" href=\"https:\/\/www.paris-guided-tour.com\/fr\/tour-item\/ile-de-la-cite\/\"><\/a>\n\t\t<\/div>\n\t<\/div>\t<\/div>\n\t\n\t<div class=\"mkdf-tour-list-item-inner post-4824 tour-item type-tour-item status-publish has-post-thumbnail hentry tour-category-city-tours\">\n\t\t<div class=\"mkdf-tours-gallery-item mkdf-tour-item-has-rating post-4824 tour-item type-tour-item status-publish has-post-thumbnail hentry tour-category-city-tours\">\n\t\t\t<div class=\"mkdf-tours-gallery-item-image-holder\">\n\t\t\t\t\t\t\t<span class=\"mkdf-tours-gallery-item-label-holder\">\n\t\t\t\t\t\n\t\t<span class=\"mkdf-tour-item-label\">\n\t\t\t<span class=\"mkdf-tour-item-label-inner\">\n\t\t\t\t\t\t\t<\/span>\n\t\t<\/span>\n\n\t\t\t\t\t\t<\/span>\n\t\t\t\t\t\t\n\t\t\t<div class=\"mkdf-tours-gallery-item-image\">\n\t\t\t\t<img loading=\"lazy\" decoding=\"async\" width=\"800\" height=\"535\" src=\"https:\/\/www.paris-guided-tour.com\/wp-content\/uploads\/2018\/10\/ParisGuidedTour_montmartree_vignette_v1.jpg\" class=\"attachment-full size-full wp-post-image\" alt=\"\" srcset=\"https:\/\/www.paris-guided-tour.com\/wp-content\/uploads\/2018\/10\/ParisGuidedTour_montmartree_vignette_v1.jpg 800w, https:\/\/www.paris-guided-tour.com\/wp-content\/uploads\/2018\/10\/ParisGuidedTour_montmartree_vignette_v1-300x201.jpg 300w, https:\/\/www.paris-guided-tour.com\/wp-content\/uploads\/2018\/10\/ParisGuidedTour_montmartree_vignette_v1-768x514.jpg 768w\" sizes=\"(max-width: 800px) 100vw, 800px\" \/>\t\t\t\t\n\t\t\t\t<div class=\"mkdf-tours-gallery-item-content-holder\">\n\t\t\t\t\t<div class=\"mkdf-tours-gallery-item-content-inner\">\n\t\t\t\t\t\t<div class=\"mkdf-tours-gallery-title-holder\">\n\t\t\t\t\t\t\t<h4 class=\"mkdf-tour-title\" >Montmartre<\/h4>\n\t\t\t\t\t\t\t<span class=\"mkdf-tours-gallery-item-price-holder\">\n\t\t\t\t\t\t\t\n\t\t<span class=\"mkdf-tours-price-holder\">\n\t\t\t\t\t\t\t<span class=\"mkdf-tours-item-price test\">150 \u20ac<\/span>\n\t\t\t\t\t\t\t\t<\/span>\n\n\t\t\t\t\t\t\t\t<\/span>\n\t\t\t\t\t\t<\/div>\n\t\t\t\t\t\t\t\t\t\t\t\t\t<div class=\"mkdf-tours-gallery-item-excerpt\">\n\t\t\t\t\t\t\t\t<div class=\"mkdf-tours-gallery-item-excerpt-inner\">\n\t\t\t\t\t\t\t\t\tPartez \u00e0 la d\u00e9couverte de Montmartre et immergez vous dans ce qui n\u2019\u00e9tait autrefois qu\u2019un village aux portes de Paris. Avant d\u2019\u00eatre ann\u00e9x\u00e9 \u00e0 Paris en 1860, Montmartre \u00e9tait jalonn\u00e9 de moulins...\t\t\t\t\t\t\t\t<\/div>\n\t\t\t\t\t\t\t<\/div>\n\t\t\t\t\t\t\t\t\t\t\t<\/div>\n\t\t\t\t<\/div>\n\t\t\t<\/div>\n\t\t\t<a class=\"mkdf-tours-gallery-item-link\" href=\"https:\/\/www.paris-guided-tour.com\/fr\/tour-item\/montmartre\/\"><\/a>\n\t\t<\/div>\n\t<\/div>\t<\/div>\n\t\n\t<div class=\"mkdf-tour-list-item-inner post-4838 tour-item type-tour-item status-publish has-post-thumbnail hentry tour-category-city-tours tour-category-most-popular-tours\">\n\t\t<div class=\"mkdf-tours-gallery-item mkdf-tour-item-no-rating post-4838 tour-item type-tour-item status-publish has-post-thumbnail hentry tour-category-city-tours tour-category-most-popular-tours\">\n\t\t\t<div class=\"mkdf-tours-gallery-item-image-holder\">\n\t\t\t\t\t\t\t<span class=\"mkdf-tours-gallery-item-label-holder\">\n\t\t\t\t\t\n\t\t<span class=\"mkdf-tour-item-label\">\n\t\t\t<span class=\"mkdf-tour-item-label-inner\">\n\t\t\t\t\t\t\t<\/span>\n\t\t<\/span>\n\n\t\t\t\t\t\t<\/span>\n\t\t\t\t\t\t\n\t\t\t<div class=\"mkdf-tours-gallery-item-image\">\n\t\t\t\t<img loading=\"lazy\" decoding=\"async\" width=\"800\" height=\"535\" src=\"https:\/\/www.paris-guided-tour.com\/wp-content\/uploads\/2018\/10\/ParisGuidedTour_marais_vignette_v1.jpg\" class=\"attachment-full size-full wp-post-image\" alt=\"\" srcset=\"https:\/\/www.paris-guided-tour.com\/wp-content\/uploads\/2018\/10\/ParisGuidedTour_marais_vignette_v1.jpg 800w, https:\/\/www.paris-guided-tour.com\/wp-content\/uploads\/2018\/10\/ParisGuidedTour_marais_vignette_v1-300x201.jpg 300w, https:\/\/www.paris-guided-tour.com\/wp-content\/uploads\/2018\/10\/ParisGuidedTour_marais_vignette_v1-768x514.jpg 768w\" sizes=\"(max-width: 800px) 100vw, 800px\" \/>\t\t\t\t\n\t\t\t\t<div class=\"mkdf-tours-gallery-item-content-holder\">\n\t\t\t\t\t<div class=\"mkdf-tours-gallery-item-content-inner\">\n\t\t\t\t\t\t<div class=\"mkdf-tours-gallery-title-holder\">\n\t\t\t\t\t\t\t<h4 class=\"mkdf-tour-title\" >Le marais<\/h4>\n\t\t\t\t\t\t\t<span class=\"mkdf-tours-gallery-item-price-holder\">\n\t\t\t\t\t\t\t\n\t\t<span class=\"mkdf-tours-price-holder\">\n\t\t\t\t\t\t\t<span class=\"mkdf-tours-item-price test\">150 \u20ac<\/span>\n\t\t\t\t\t\t\t\t<\/span>\n\n\t\t\t\t\t\t\t\t<\/span>\n\t\t\t\t\t\t<\/div>\n\t\t\t\t\t\t\t\t\t\t\t\t\t<div class=\"mkdf-tours-gallery-item-excerpt\">\n\t\t\t\t\t\t\t\t<div class=\"mkdf-tours-gallery-item-excerpt-inner\">\n\t\t\t\t\t\t\t\t\tA l\u2019origine, ce quartier \u00e9tait une vaste zone mar\u00e9cageuse, il a connu son \u00e2ge d\u2019or au d\u00e9but du XVII\u00e8me si\u00e8cle lorsque le roi Henri IV d\u00e9cida d\u2019y faire construire une superbe place royale...\t\t\t\t\t\t\t\t<\/div>\n\t\t\t\t\t\t\t<\/div>\n\t\t\t\t\t\t\t\t\t\t\t<\/div>\n\t\t\t\t<\/div>\n\t\t\t<\/div>\n\t\t\t<a class=\"mkdf-tours-gallery-item-link\" href=\"https:\/\/www.paris-guided-tour.com\/fr\/tour-item\/le-marais\/\"><\/a>\n\t\t<\/div>\n\t<\/div>\t<\/div>\n\t\n\t<div class=\"mkdf-tour-list-item-inner post-4852 tour-item type-tour-item status-publish has-post-thumbnail hentry tour-category-city-tours tour-category-most-popular-tours\">\n\t\t<div class=\"mkdf-tours-gallery-item mkdf-tour-item-has-rating post-4852 tour-item type-tour-item status-publish has-post-thumbnail hentry tour-category-city-tours tour-category-most-popular-tours\">\n\t\t\t<div class=\"mkdf-tours-gallery-item-image-holder\">\n\t\t\t\t\t\t\t<span class=\"mkdf-tours-gallery-item-label-holder\">\n\t\t\t\t\t\n\t\t<span class=\"mkdf-tour-item-label\">\n\t\t\t<span class=\"mkdf-tour-item-label-inner\">\n\t\t\t\t\t\t\t<\/span>\n\t\t<\/span>\n\n\t\t\t\t\t\t<\/span>\n\t\t\t\t\t\t\n\t\t\t<div class=\"mkdf-tours-gallery-item-image\">\n\t\t\t\t<img loading=\"lazy\" decoding=\"async\" width=\"800\" height=\"535\" src=\"https:\/\/www.paris-guided-tour.com\/wp-content\/uploads\/2018\/10\/ParisGuidedTour_foodtour_vignette_v1.jpg\" class=\"attachment-full size-full wp-post-image\" alt=\"\" srcset=\"https:\/\/www.paris-guided-tour.com\/wp-content\/uploads\/2018\/10\/ParisGuidedTour_foodtour_vignette_v1.jpg 800w, https:\/\/www.paris-guided-tour.com\/wp-content\/uploads\/2018\/10\/ParisGuidedTour_foodtour_vignette_v1-300x201.jpg 300w, https:\/\/www.paris-guided-tour.com\/wp-content\/uploads\/2018\/10\/ParisGuidedTour_foodtour_vignette_v1-768x514.jpg 768w\" sizes=\"(max-width: 800px) 100vw, 800px\" \/>\t\t\t\t\n\t\t\t\t<div class=\"mkdf-tours-gallery-item-content-holder\">\n\t\t\t\t\t<div class=\"mkdf-tours-gallery-item-content-inner\">\n\t\t\t\t\t\t<div class=\"mkdf-tours-gallery-title-holder\">\n\t\t\t\t\t\t\t<h4 class=\"mkdf-tour-title\" >Visites culinaires<\/h4>\n\t\t\t\t\t\t\t<span class=\"mkdf-tours-gallery-item-price-holder\">\n\t\t\t\t\t\t\t\n\t\t<span class=\"mkdf-tours-price-holder\">\n\t\t\t\t\t\t\t<span class=\"mkdf-tours-item-price test\">150 \u20ac<\/span>\n\t\t\t\t\t\t\t\t<\/span>\n\n\t\t\t\t\t\t\t\t<\/span>\n\t\t\t\t\t\t<\/div>\n\t\t\t\t\t\t\t\t\t\t\t\t\t<div class=\"mkdf-tours-gallery-item-excerpt\">\n\t\t\t\t\t\t\t\t<div class=\"mkdf-tours-gallery-item-excerpt-inner\">\n\t\t\t\t\t\t\t\t\tLes fran\u00e7ais sont de grands amateurs de gastronomie et Paris regorge de bonnes adresses \u00e0 explorer. Si vous voulez d\u00e9couvrir l\u2019art de vivre \u00e0 la parisienne et si vous vous demandez...\t\t\t\t\t\t\t\t<\/div>\n\t\t\t\t\t\t\t<\/div>\n\t\t\t\t\t\t\t\t\t\t\t<\/div>\n\t\t\t\t<\/div>\n\t\t\t<\/div>\n\t\t\t<a class=\"mkdf-tours-gallery-item-link\" href=\"https:\/\/www.paris-guided-tour.com\/fr\/tour-item\/food-tours\/\"><\/a>\n\t\t<\/div>\n\t<\/div>\t<\/div>\n\t\n\t<div class=\"mkdf-tour-list-item-inner post-4866 tour-item type-tour-item status-publish has-post-thumbnail hentry tour-category-city-tours\">\n\t\t<div class=\"mkdf-tours-gallery-item mkdf-tour-item-has-rating post-4866 tour-item type-tour-item status-publish has-post-thumbnail hentry tour-category-city-tours\">\n\t\t\t<div class=\"mkdf-tours-gallery-item-image-holder\">\n\t\t\t\t\t\t\t<span class=\"mkdf-tours-gallery-item-label-holder\">\n\t\t\t\t\t\n\t\t<span class=\"mkdf-tour-item-label\">\n\t\t\t<span class=\"mkdf-tour-item-label-inner\">\n\t\t\t\t\t\t\t<\/span>\n\t\t<\/span>\n\n\t\t\t\t\t\t<\/span>\n\t\t\t\t\t\t\n\t\t\t<div class=\"mkdf-tours-gallery-item-image\">\n\t\t\t\t<img loading=\"lazy\" decoding=\"async\" width=\"800\" height=\"535\" src=\"https:\/\/www.paris-guided-tour.com\/wp-content\/uploads\/2018\/10\/ParisGuidedTour_fashion_vignette_v1.jpg\" class=\"attachment-full size-full wp-post-image\" alt=\"\" srcset=\"https:\/\/www.paris-guided-tour.com\/wp-content\/uploads\/2018\/10\/ParisGuidedTour_fashion_vignette_v1.jpg 800w, https:\/\/www.paris-guided-tour.com\/wp-content\/uploads\/2018\/10\/ParisGuidedTour_fashion_vignette_v1-300x201.jpg 300w, https:\/\/www.paris-guided-tour.com\/wp-content\/uploads\/2018\/10\/ParisGuidedTour_fashion_vignette_v1-768x514.jpg 768w\" sizes=\"(max-width: 800px) 100vw, 800px\" \/>\t\t\t\t\n\t\t\t\t<div class=\"mkdf-tours-gallery-item-content-holder\">\n\t\t\t\t\t<div class=\"mkdf-tours-gallery-item-content-inner\">\n\t\t\t\t\t\t<div class=\"mkdf-tours-gallery-title-holder\">\n\t\t\t\t\t\t\t<h4 class=\"mkdf-tour-title\" >Histoire du luxe et de la mode<\/h4>\n\t\t\t\t\t\t\t<span class=\"mkdf-tours-gallery-item-price-holder\">\n\t\t\t\t\t\t\t\n\t\t<span class=\"mkdf-tours-price-holder\">\n\t\t\t\t\t\t\t<span class=\"mkdf-tours-item-price test\">150 \u20ac<\/span>\n\t\t\t\t\t\t\t\t<\/span>\n\n\t\t\t\t\t\t\t\t<\/span>\n\t\t\t\t\t\t<\/div>\n\t\t\t\t\t\t\t\t\t\t\t\t\t<div class=\"mkdf-tours-gallery-item-excerpt\">\n\t\t\t\t\t\t\t\t<div class=\"mkdf-tours-gallery-item-excerpt-inner\">\n\t\t\t\t\t\t\t\t\tParis est une ville fascinante et et fait r\u00eaver tous ceux qui sont sensibles \u00e0 la mode et au luxe. Mais comment Paris s\u2019est forg\u00e9e la r\u00e9putation de capitale de la mode et du luxe?...\t\t\t\t\t\t\t\t<\/div>\n\t\t\t\t\t\t\t<\/div>\n\t\t\t\t\t\t\t\t\t\t\t<\/div>\n\t\t\t\t<\/div>\n\t\t\t<\/div>\n\t\t\t<a class=\"mkdf-tours-gallery-item-link\" href=\"https:\/\/www.paris-guided-tour.com\/fr\/tour-item\/history-of-fashion-and-luxury\/\"><\/a>\n\t\t<\/div>\n\t<\/div>\t<\/div>\n\t\n\t<div class=\"mkdf-tour-list-item-inner post-4880 tour-item type-tour-item status-publish has-post-thumbnail hentry tour-category-city-tours tour-category-most-popular-tours\">\n\t\t<div class=\"mkdf-tours-gallery-item mkdf-tour-item-no-rating post-4880 tour-item type-tour-item status-publish has-post-thumbnail hentry tour-category-city-tours tour-category-most-popular-tours\">\n\t\t\t<div class=\"mkdf-tours-gallery-item-image-holder\">\n\t\t\t\t\t\t\t<span class=\"mkdf-tours-gallery-item-label-holder\">\n\t\t\t\t\t\n\t\t<span class=\"mkdf-tour-item-label\">\n\t\t\t<span class=\"mkdf-tour-item-label-inner\">\n\t\t\t\t\t\t\t<\/span>\n\t\t<\/span>\n\n\t\t\t\t\t\t<\/span>\n\t\t\t\t\t\t\n\t\t\t<div class=\"mkdf-tours-gallery-item-image\">\n\t\t\t\t<img loading=\"lazy\" decoding=\"async\" width=\"800\" height=\"535\" src=\"https:\/\/www.paris-guided-tour.com\/wp-content\/uploads\/2018\/10\/ParisGuidedTour_covered_vignette_v1.jpg\" class=\"attachment-full size-full wp-post-image\" alt=\"\" srcset=\"https:\/\/www.paris-guided-tour.com\/wp-content\/uploads\/2018\/10\/ParisGuidedTour_covered_vignette_v1.jpg 800w, https:\/\/www.paris-guided-tour.com\/wp-content\/uploads\/2018\/10\/ParisGuidedTour_covered_vignette_v1-300x201.jpg 300w, https:\/\/www.paris-guided-tour.com\/wp-content\/uploads\/2018\/10\/ParisGuidedTour_covered_vignette_v1-768x514.jpg 768w\" sizes=\"(max-width: 800px) 100vw, 800px\" \/>\t\t\t\t\n\t\t\t\t<div class=\"mkdf-tours-gallery-item-content-holder\">\n\t\t\t\t\t<div class=\"mkdf-tours-gallery-item-content-inner\">\n\t\t\t\t\t\t<div class=\"mkdf-tours-gallery-title-holder\">\n\t\t\t\t\t\t\t<h4 class=\"mkdf-tour-title\" >Passages couverts<\/h4>\n\t\t\t\t\t\t\t<span class=\"mkdf-tours-gallery-item-price-holder\">\n\t\t\t\t\t\t\t\n\t\t<span class=\"mkdf-tours-price-holder\">\n\t\t\t\t\t\t\t<span class=\"mkdf-tours-item-price test\">150 \u20ac<\/span>\n\t\t\t\t\t\t\t\t<\/span>\n\n\t\t\t\t\t\t\t\t<\/span>\n\t\t\t\t\t\t<\/div>\n\t\t\t\t\t\t\t\t\t\t\t\t\t<div class=\"mkdf-tours-gallery-item-excerpt\">\n\t\t\t\t\t\t\t\t<div class=\"mkdf-tours-gallery-item-excerpt-inner\">\n\t\t\t\t\t\t\t\t\tLoin du tumulte de la ville et des embouteillages, il subsiste \u00e0 Paris des tr\u00e9sors insoup\u00e7onn\u00e9s comme si le temps s\u2019\u00e9tait arr\u00eat\u00e9 il y a plus de 100 ans. En 1870, on comptait plus de 150 passages couverts...\t\t\t\t\t\t\t\t<\/div>\n\t\t\t\t\t\t\t<\/div>\n\t\t\t\t\t\t\t\t\t\t\t<\/div>\n\t\t\t\t<\/div>\n\t\t\t<\/div>\n\t\t\t<a class=\"mkdf-tours-gallery-item-link\" href=\"https:\/\/www.paris-guided-tour.com\/fr\/tour-item\/covered-passages\/\"><\/a>\n\t\t<\/div>\n\t<\/div>\t<\/div>\n\t\n\t<div class=\"mkdf-tour-list-item-inner post-5117 tour-item type-tour-item status-publish has-post-thumbnail hentry tour-category-city-tours\">\n\t\t<div class=\"mkdf-tours-gallery-item mkdf-tour-item-no-rating post-5117 tour-item type-tour-item status-publish has-post-thumbnail hentry tour-category-city-tours\">\n\t\t\t<div class=\"mkdf-tours-gallery-item-image-holder\">\n\t\t\t\t\t\t\t<span class=\"mkdf-tours-gallery-item-label-holder\">\n\t\t\t\t\t\n\t\t<span class=\"mkdf-tour-item-label\">\n\t\t\t<span class=\"mkdf-tour-item-label-inner\">\n\t\t\t\t\t\t\t<\/span>\n\t\t<\/span>\n\n\t\t\t\t\t\t<\/span>\n\t\t\t\t\t\t\n\t\t\t<div class=\"mkdf-tours-gallery-item-image\">\n\t\t\t\t<img loading=\"lazy\" decoding=\"async\" width=\"800\" height=\"535\" src=\"https:\/\/www.paris-guided-tour.com\/wp-content\/uploads\/2018\/11\/ParisGuidedTour_visiteshooting_vignette.jpg\" class=\"attachment-full size-full wp-post-image\" alt=\"\" srcset=\"https:\/\/www.paris-guided-tour.com\/wp-content\/uploads\/2018\/11\/ParisGuidedTour_visiteshooting_vignette.jpg 800w, https:\/\/www.paris-guided-tour.com\/wp-content\/uploads\/2018\/11\/ParisGuidedTour_visiteshooting_vignette-300x201.jpg 300w, https:\/\/www.paris-guided-tour.com\/wp-content\/uploads\/2018\/11\/ParisGuidedTour_visiteshooting_vignette-768x514.jpg 768w\" sizes=\"(max-width: 800px) 100vw, 800px\" \/>\t\t\t\t\n\t\t\t\t<div class=\"mkdf-tours-gallery-item-content-holder\">\n\t\t\t\t\t<div class=\"mkdf-tours-gallery-item-content-inner\">\n\t\t\t\t\t\t<div class=\"mkdf-tours-gallery-title-holder\">\n\t\t\t\t\t\t\t<h4 class=\"mkdf-tour-title\" >Visite guid\u00e9e et photos<\/h4>\n\t\t\t\t\t\t\t<span class=\"mkdf-tours-gallery-item-price-holder\">\n\t\t\t\t\t\t\t\n\t\t<span class=\"mkdf-tours-price-holder\">\n\t\t\t\t\t\t\t<span class=\"mkdf-tours-item-price test\">290 \u20ac<\/span>\n\t\t\t\t\t\t\t\t<\/span>\n\n\t\t\t\t\t\t\t\t<\/span>\n\t\t\t\t\t\t<\/div>\n\t\t\t\t\t\t\t\t\t\t\t\t\t<div class=\"mkdf-tours-gallery-item-excerpt\">\n\t\t\t\t\t\t\t\t<div class=\"mkdf-tours-gallery-item-excerpt-inner\">\n\t\t\t\t\t\t\t\t\tMy Paris Photo Tour et Paris Guided Tour vous proposent de d\u00e9couvrir Paris d\u2019une mani\u00e8re amusante et originale. Une visite guid\u00e9e par une guide certifi\u00e9e, suivie d\u2019une s\u00e9ance de photos avec un photographe professionnel.\t\t\t\t\t\t\t\t<\/div>\n\t\t\t\t\t\t\t<\/div>\n\t\t\t\t\t\t\t\t\t\t\t<\/div>\n\t\t\t\t<\/div>\n\t\t\t<\/div>\n\t\t\t<a class=\"mkdf-tours-gallery-item-link\" href=\"https:\/\/www.paris-guided-tour.com\/fr\/tour-item\/guided-photo-tours\/\"><\/a>\n\t\t<\/div>\n\t<\/div>\t<\/div>\n\n\t\t\t<div class=\"mkdf-tours-list-grid-sizer\"><\/div>\n\t\t<\/div>\n\n\t\t\n\n\t\t<\/div>[\/vc_column][\/vc_row]<\/p>","protected":false},"excerpt":{"rendered":"[vc_row][vc_column width=\u00a0\u00bb1\/6&Prime;][\/vc_column][vc_column width=\u00a0\u00bb2\/3&Prime;][vc_column_text] Paris est une ville aux multiples facettes. Pour d\u00e9couvrir ses secrets, il faut prendre le temps de fl\u00e2ner dans ses rues et de sentir l\u2019atmosph\u00e8re qui r\u00e8gne dans chaque quartier. Je propose des visites historiques de quartier mais aussi des visites th\u00e9matiques comme la gastronomie o\u00f9 l\u2019histoire de la mode. [\/vc_column_text][vc_empty_space height=\u00a0\u00bb100px\u00a0\u00bb][\/vc_column][vc_column width=\u00a0\u00bb1\/6&Prime;][\/vc_column][\/vc_row][vc_row][vc_column][\/vc_column][\/vc_row]","protected":false},"author":1,"featured_media":0,"parent":4551,"menu_order":0,"comment_status":"closed","ping_status":"closed","template":"","meta":{"footnotes":""},"yoast_head":"<!-- This site is optimized with the Yoast SEO plugin v15.7 - https:\/\/yoast.com\/wordpress\/plugins\/seo\/ -->\n<title>Visites de quartier - Paris Guided Tour - Certified Tour Guide in Paris<\/title>\n<meta name=\"robots\" content=\"index, follow, max-snippet:-1, max-image-preview:large, max-video-preview:-1\" \/>\n<link rel=\"canonical\" href=\"https:\/\/www.paris-guided-tour.com\/tours\/city-tours\/\" \/>\n<meta property=\"og:locale\" content=\"fr_FR\" \/>\n<meta property=\"og:type\" content=\"article\" \/>\n<meta property=\"og:title\" content=\"Visites de quartier - Paris Guided Tour - Certified Tour Guide in Paris\" \/>\n<meta property=\"og:description\" content=\"[vc_row][vc_column width=\u00a0\u00bb1\/6&Prime;][\/vc_column][vc_column width=\u00a0\u00bb2\/3&Prime;][vc_column_text] Paris est une ville aux multiples facettes. Pour d\u00e9couvrir ses secrets, il faut prendre le temps de fl\u00e2ner dans ses rues et de sentir l\u2019atmosph\u00e8re qui r\u00e8gne dans chaque quartier. Je propose des visites historiques de quartier mais aussi des visites th\u00e9matiques comme la gastronomie o\u00f9 l\u2019histoire de la mode. [\/vc_column_text][vc_empty_space height=\u00a0\u00bb100px\u00a0\u00bb][\/vc_column][vc_column width=\u00a0\u00bb1\/6&Prime;][\/vc_column][\/vc_row][vc_row][vc_column][\/vc_column][\/vc_row]\" \/>\n<meta property=\"og:url\" content=\"https:\/\/www.paris-guided-tour.com\/tours\/city-tours\/\" \/>\n<meta property=\"og:site_name\" content=\"Paris Guided Tour - Certified Tour Guide in Paris\" \/>\n<meta property=\"article:modified_time\" content=\"2019-02-25T14:42:30+00:00\" \/>\n<meta name=\"twitter:card\" content=\"summary_large_image\" \/>\n<meta name=\"twitter:site\" content=\"@ParisGuidedTour\" \/>\n<meta name=\"twitter:label1\" content=\"Dur\u00e9e de lecture est.\">\n\t<meta name=\"twitter:data1\" content=\"1 minute\">\n<script type=\"application\/ld+json\" class=\"yoast-schema-graph\">{\"@context\":\"https:\/\/schema.org\",\"@graph\":[{\"@type\":[\"Person\",\"Organization\"],\"@id\":\"https:\/\/www.paris-guided-tour.com\/#\/schema\/person\/a65c1a7cb0813c073936decc3ec92f23\",\"name\":\"Caroline Lagarde\",\"image\":{\"@type\":\"ImageObject\",\"@id\":\"https:\/\/www.paris-guided-tour.com\/#personlogo\",\"inLanguage\":\"fr-FR\",\"url\":\"https:\/\/secure.gravatar.com\/avatar\/2a94b9c3dba3f5cf35732b5b00fc1e66?s=96&d=mm&r=g\",\"caption\":\"Caroline Lagarde\"},\"logo\":{\"@id\":\"https:\/\/www.paris-guided-tour.com\/#personlogo\"},\"sameAs\":[\"https:\/\/www.instagram.com\/parisguidedtour\/\"]},{\"@type\":\"WebSite\",\"@id\":\"https:\/\/www.paris-guided-tour.com\/#website\",\"url\":\"https:\/\/www.paris-guided-tour.com\/\",\"name\":\"Paris Guided Tour - Certified Tour Guide in Paris\",\"description\":\"A certified guide in Paris\",\"publisher\":{\"@id\":\"https:\/\/www.paris-guided-tour.com\/#\/schema\/person\/a65c1a7cb0813c073936decc3ec92f23\"},\"potentialAction\":[{\"@type\":\"SearchAction\",\"target\":\"https:\/\/www.paris-guided-tour.com\/?s={search_term_string}\",\"query-input\":\"required name=search_term_string\"}],\"inLanguage\":\"fr-FR\"},{\"@type\":\"WebPage\",\"@id\":\"https:\/\/www.paris-guided-tour.com\/tours\/city-tours\/#webpage\",\"url\":\"https:\/\/www.paris-guided-tour.com\/tours\/city-tours\/\",\"name\":\"Visites de quartier - Paris Guided Tour - Certified Tour Guide in Paris\",\"isPartOf\":{\"@id\":\"https:\/\/www.paris-guided-tour.com\/#website\"},\"datePublished\":\"2018-10-10T20:52:32+00:00\",\"dateModified\":\"2019-02-25T14:42:30+00:00\",\"inLanguage\":\"fr-FR\",\"potentialAction\":[{\"@type\":\"ReadAction\",\"target\":[\"https:\/\/www.paris-guided-tour.com\/tours\/city-tours\/\"]}]}]}<\/script>\n<!-- \/ Yoast SEO plugin. -->","_links":{"self":[{"href":"https:\/\/www.paris-guided-tour.com\/fr\/wp-json\/wp\/v2\/pages\/4894"}],"collection":[{"href":"https:\/\/www.paris-guided-tour.com\/fr\/wp-json\/wp\/v2\/pages"}],"about":[{"href":"https:\/\/www.paris-guided-tour.com\/fr\/wp-json\/wp\/v2\/types\/page"}],"author":[{"embeddable":true,"href":"https:\/\/www.paris-guided-tour.com\/fr\/wp-json\/wp\/v2\/users\/1"}],"replies":[{"embeddable":true,"href":"https:\/\/www.paris-guided-tour.com\/fr\/wp-json\/wp\/v2\/comments?post=4894"}],"version-history":[{"count":7,"href":"https:\/\/www.paris-guided-tour.com\/fr\/wp-json\/wp\/v2\/pages\/4894\/revisions"}],"predecessor-version":[{"id":5311,"href":"https:\/\/www.paris-guided-tour.com\/fr\/wp-json\/wp\/v2\/pages\/4894\/revisions\/5311"}],"up":[{"embeddable":true,"href":"https:\/\/www.paris-guided-tour.com\/fr\/wp-json\/wp\/v2\/pages\/4551"}],"wp:attachment":[{"href":"https:\/\/www.paris-guided-tour.com\/fr\/wp-json\/wp\/v2\/media?parent=4894"}],"curies":[{"name":"wp","href":"https:\/\/api.w.org\/{rel}","templated":true}]}}